{"id":1528,"date":"2024-01-17T15:23:39","date_gmt":"2024-01-17T15:23:39","guid":{"rendered":"https:\/\/nacasalud.com\/?post_type=product&#038;p=1528"},"modified":"2026-03-07T21:56:00","modified_gmt":"2026-03-07T21:56:00","slug":"probiotico-now-100-billones-10-cepas-60-capsulas","status":"publish","type":"product","link":"https:\/\/nacasalud.com\/en\/product\/probiotico-now-100-billones-10-cepas-60-capsulas\/","title":{"rendered":"Probi\u00f3tico NOW 100 billones 10 Cepas 60 Capsulas"},"content":{"rendered":"<p data-start=\"0\" data-end=\"182\">Los probi\u00f3ticos son microorganismos vivos que, cuando se consumen en cantidades adecuadas, ofrecen m\u00faltiples beneficios para la salud. Algunos de los principales beneficios incluyen:<\/p>\n<h3 data-start=\"184\" data-end=\"209\"><strong data-start=\"188\" data-end=\"207\">Salud digestiva<\/strong><\/h3>\n<ul data-start=\"210\" data-end=\"514\">\n<li data-start=\"210\" data-end=\"310\">Mejoran el equilibrio de la flora intestinal, ayudando a la digesti\u00f3n y absorci\u00f3n de nutrientes.<\/li>\n<li data-start=\"311\" data-end=\"396\">Previenen y alivian problemas digestivos como diarrea, estre\u00f1imiento e hinchaz\u00f3n.<\/li>\n<li data-start=\"397\" data-end=\"514\">Ayudan en el tratamiento del s\u00edndrome de intestino irritable (SII) y la enfermedad inflamatoria intestinal (EII).<\/li>\n<\/ul>\n<h3 data-start=\"516\" data-end=\"546\"><strong data-start=\"520\" data-end=\"544\">Sistema inmunol\u00f3gico<\/strong><\/h3>\n<ul data-start=\"547\" data-end=\"711\">\n<li data-start=\"547\" data-end=\"632\">Refuerzan las defensas naturales del cuerpo, reduciendo el riesgo de infecciones.<\/li>\n<li data-start=\"633\" data-end=\"711\">Pueden disminuir la incidencia de resfriados y enfermedades respiratorias.<\/li>\n<\/ul>\n<h3 data-start=\"713\" data-end=\"735\"><strong data-start=\"717\" data-end=\"733\">Salud mental<\/strong><\/h3>\n<ul data-start=\"736\" data-end=\"936\">\n<li data-start=\"736\" data-end=\"866\">La conexi\u00f3n intestino-cerebro sugiere que los probi\u00f3ticos pueden mejorar el estado de \u00e1nimo y reducir la ansiedad y el estr\u00e9s.<\/li>\n<li data-start=\"867\" data-end=\"936\">Algunos estudios indican que pueden ayudar en casos de depresi\u00f3n.<\/li>\n<\/ul>\n<h3 data-start=\"938\" data-end=\"964\"><strong data-start=\"942\" data-end=\"962\">Salud metab\u00f3lica<\/strong><\/h3>\n<ul data-start=\"965\" data-end=\"1140\">\n<li data-start=\"965\" data-end=\"1039\">Contribuyen al control del peso y la reducci\u00f3n del riesgo de obesidad.<\/li>\n<li data-start=\"1040\" data-end=\"1140\">Pueden ayudar a regular los niveles de az\u00facar en sangre y mejorar la sensibilidad a la insulina.<\/li>\n<\/ul>\n<h3 data-start=\"1142\" data-end=\"1168\"><strong data-start=\"1146\" data-end=\"1166\">Salud de la piel<\/strong><\/h3>\n<ul data-start=\"1169\" data-end=\"1261\">\n<li data-start=\"1169\" data-end=\"1261\">Ayudan en el tratamiento de afecciones como el acn\u00e9, la dermatitis at\u00f3pica y la ros\u00e1cea.<\/li>\n<\/ul>\n<h3 data-start=\"1263\" data-end=\"1297\"><strong data-start=\"1267\" data-end=\"1295\">Salud vaginal y urinaria<\/strong><\/h3>\n<ul data-start=\"1298\" data-end=\"1489\">\n<li data-start=\"1298\" data-end=\"1422\">Mantienen el equilibrio de la microbiota vaginal, previniendo infecciones como la candidiasis y la vaginosis bacteriana.<\/li>\n<li data-start=\"1423\" data-end=\"1489\">Pueden reducir el riesgo de infecciones urinarias recurrentes.<\/li>\n<\/ul>\n<p>Hecho en USA.<\/p>\n<p>Lactobacillus acidophilus (La-14), Bifidobacterium lactis (Bl-04), Lactobacillus plantarum (Lp-115), Lactobacillus casei (Lc-11), Lactobacillus rhamnosus (Lr-32), Lactobacillus US paracasei (Lpc-37) Bifidobacterium breve (Bb-03), Streptococcus thermophilus (St-21), Lactobacillus salivarius (Ls-33), Bifidobacterium longum (B1-05)<\/p>\n<p>Certificados GMP, Non GMP, Libre de Gluten, Soya, Lactosa.<\/p>\n<p>Para mayor informaci\u00f3n verificar el contenido en las etiquetas de las fotos o comunicarse con un agente NACASALUD.<\/p>\n<p>10 cepas de bacterias probi\u00f3ticas (100 mil millones de UFC): Lactobacillus acidophilus (La-14), Bifidobacterium lactis (Bl-04), Lactobacillus plantarum (Lp-115) ), Lactobacilo us casei (Lc-11), Lactobacillus rhamnosus (Lr-32), Lactobacillus paracasei (Lpc-37), Bifidobacterium breve (Bb-03), Streptococcus thermophilus (St-21), Lactobacillus salivarius (Ls-33), Bifidobacterium longum (BI-05) 5200 mg<\/p>\n<p>Hecho en USA<\/p>\n<p>Certificados GMP, Non GMP, Libre de Gluten, Soya, Lactosa.<\/p>\n<p>Para mayor informaci\u00f3n verificar el contenido en las etiquetas de las fotos o comunicarse con un agente NACASALUD.<\/p>","protected":false},"excerpt":{"rendered":"<p>Probi\u00f3tico NOW 100 billones 10 Cepas 60 Capsulas<\/p>","protected":false},"featured_media":1542,"template":"","meta":{"_acf_changed":false,"site-sidebar-layout":"default","site-content-layout":"","ast-site-content-layout":"default","site-content-style":"default","site-sidebar-style":"default","ast-global-header-display":"","ast-banner-title-visibility":"","ast-main-header-display":"","ast-hfb-above-header-display":"","ast-hfb-below-header-display":"","ast-hfb-mobile-header-display":"","site-post-title":"","ast-breadcrumbs-content":"","ast-featured-img":"","footer-sml-layout":"","theme-transparent-header-meta":"default","adv-header-id-meta":"","stick-header-meta":"","header-above-stick-meta":"","header-main-stick-meta":"","header-below-stick-meta":"","astra-migrate-meta-layouts":"set","ast-page-background-enabled":"default","ast-page-background-meta":{"desktop":{"background-color":"","background-image":"","background-repeat":"repeat","background-position":"center center","background-size":"auto","background-attachment":"scroll","background-type":"","background-media":"","overlay-type":"","overlay-color":"","overlay-gradient":""},"tablet":{"background-color":"","background-image":"","background-repeat":"repeat","background-position":"center center","background-size":"auto","background-attachment":"scroll","background-type":"","background-media":"","overlay-type":"","overlay-color":"","overlay-gradient":""},"mobile":{"background-color":"","background-image":"","background-repeat":"repeat","background-position":"center center","background-size":"auto","background-attachment":"scroll","background-type":"","background-media":"","overlay-type":"","overlay-color":"","overlay-gradient":""}},"ast-content-background-meta":{"desktop":{"background-color":"var(--ast-global-color-5)","background-image":"","background-repeat":"repeat","background-position":"center center","background-size":"auto","background-attachment":"scroll","background-type":"","background-media":"","overlay-type":"","overlay-color":"","overlay-gradient":""},"tablet":{"background-color":"var(--ast-global-color-5)","background-image":"","background-repeat":"repeat","background-position":"center center","background-size":"auto","background-attachment":"scroll","background-type":"","background-media":"","overlay-type":"","overlay-color":"","overlay-gradient":""},"mobile":{"background-color":"var(--ast-global-color-5)","background-image":"","background-repeat":"repeat","background-position":"center center","background-size":"auto","background-attachment":"scroll","background-type":"","background-media":"","overlay-type":"","overlay-color":"","overlay-gradient":""}}},"product_brand":[],"product_cat":[32],"product_tag":[],"offers":[],"class_list":{"0":"post-1528","1":"product","2":"type-product","3":"status-publish","4":"has-post-thumbnail","6":"product_cat-probioticos","7":"desktop-align-left","8":"tablet-align-left","9":"mobile-align-left","11":"first","12":"outofstock","13":"taxable","14":"shipping-taxable","15":"purchasable","16":"product-type-simple"},"acf":[],"jetpack_sharing_enabled":true,"_links":{"self":[{"href":"https:\/\/nacasalud.com\/en\/wp-json\/wp\/v2\/product\/1528","targetHints":{"allow":["GET"]}}],"collection":[{"href":"https:\/\/nacasalud.com\/en\/wp-json\/wp\/v2\/product"}],"about":[{"href":"https:\/\/nacasalud.com\/en\/wp-json\/wp\/v2\/types\/product"}],"wp:featuredmedia":[{"embeddable":true,"href":"https:\/\/nacasalud.com\/en\/wp-json\/wp\/v2\/media\/1542"}],"wp:attachment":[{"href":"https:\/\/nacasalud.com\/en\/wp-json\/wp\/v2\/media?parent=1528"}],"wp:term":[{"taxonomy":"product_brand","embeddable":true,"href":"https:\/\/nacasalud.com\/en\/wp-json\/wp\/v2\/product_brand?post=1528"},{"taxonomy":"product_cat","embeddable":true,"href":"https:\/\/nacasalud.com\/en\/wp-json\/wp\/v2\/product_cat?post=1528"},{"taxonomy":"product_tag","embeddable":true,"href":"https:\/\/nacasalud.com\/en\/wp-json\/wp\/v2\/product_tag?post=1528"},{"taxonomy":"offers","embeddable":true,"href":"https:\/\/nacasalud.com\/en\/wp-json\/wp\/v2\/offers?post=1528"}],"curies":[{"name":"wp","href":"https:\/\/api.w.org\/{rel}","templated":true}]}}