{"id":1582,"date":"2024-01-23T15:55:14","date_gmt":"2024-01-23T15:55:14","guid":{"rendered":"https:\/\/nacasalud.com\/?post_type=product&#038;p=1582"},"modified":"2026-02-21T05:36:56","modified_gmt":"2026-02-21T05:36:56","slug":"probiotico-mujer-vitalitown-120-billones-30-cepas-30-capsulas","status":"publish","type":"product","link":"https:\/\/nacasalud.com\/en\/product\/probiotico-mujer-vitalitown-120-billones-30-cepas-30-capsulas\/","title":{"rendered":"Probi\u00f3tico Mujer Vitalitown 120 billones 30 Cepas 30 Capsulas"},"content":{"rendered":"<h3 data-start=\"191\" data-end=\"224\">Beneficios de los Probi\u00f3ticos<\/h3>\n<p data-start=\"226\" data-end=\"556\">Los probi\u00f3ticos son microorganismos vivos que, cuando se administran en cantidades adecuadas, ofrecen m\u00faltiples beneficios para la salud, especialmente en el sistema digestivo e inmunol\u00f3gico. Son aliados esenciales para restaurar y mantener el equilibrio de la microbiota intestinal, impactando positivamente en todo el organismo.<\/p>\n<p data-start=\"558\" data-end=\"604\"><strong data-start=\"558\" data-end=\"604\">\u00bfPor qu\u00e9 incluir probi\u00f3ticos en tu rutina?<\/strong><\/p>\n<ul data-start=\"606\" data-end=\"1399\">\n<li data-start=\"606\" data-end=\"708\">\n<p data-start=\"608\" data-end=\"708\"><strong data-start=\"608\" data-end=\"632\">Mejoran la digesti\u00f3n<\/strong>: Ayudan a descomponer los alimentos y facilitan la absorci\u00f3n de nutrientes.<\/p>\n<\/li>\n<li data-start=\"709\" data-end=\"814\">\n<p data-start=\"711\" data-end=\"814\"><strong data-start=\"711\" data-end=\"748\">Refuerzan el sistema inmunol\u00f3gico<\/strong>: Una microbiota sana es clave para una respuesta inmune efectiva.<\/p>\n<\/li>\n<li data-start=\"815\" data-end=\"952\">\n<p data-start=\"817\" data-end=\"952\"><strong data-start=\"817\" data-end=\"862\">Previenen y alivian trastornos digestivos<\/strong>: \u00datiles en casos de estre\u00f1imiento, diarrea, s\u00edndrome de intestino irritable, entre otros.<\/p>\n<\/li>\n<li data-start=\"953\" data-end=\"1060\">\n<p data-start=\"955\" data-end=\"1060\"><strong data-start=\"955\" data-end=\"1012\">Restauran la flora intestinal despu\u00e9s de antibi\u00f3ticos<\/strong>: Vital para recuperar el equilibrio bacteriano.<\/p>\n<\/li>\n<li data-start=\"1061\" data-end=\"1237\">\n<p data-start=\"1063\" data-end=\"1237\"><strong data-start=\"1063\" data-end=\"1101\">Contribuyen al bienestar emocional<\/strong>: Existe una estrecha relaci\u00f3n entre el intestino y el cerebro, y una flora saludable puede influir positivamente en el estado de \u00e1nimo.<\/p>\n<\/li>\n<li data-start=\"1238\" data-end=\"1399\">\n<p data-start=\"1240\" data-end=\"1399\"><strong data-start=\"1240\" data-end=\"1295\">Ayudan en la salud de la piel y el control del peso<\/strong>: Al equilibrar la microbiota, tambi\u00e9n se pueden ver mejoras en problemas como el acn\u00e9 o la inflamaci\u00f3n.<\/p>\n<\/li>\n<\/ul>\n<p class=\"a-spacing-base\">L. acidophilus, L. gasseri, L. jensenii, L. rhamnosus, L. lactis, L. reuteri, L. crispatus, B. breve, B. infantis,L. paracasei, L. brevis, L. buchneri, B. adolescentis, B. bifidum, S. thermophilus, P. pentosaceus, P. acidilactici, L. johnsonii, L. fermentum, L. sakei, B. lactis, B. animalis, B. longum, L. lactis, S. salivarius, L. bulgaricus, L. salivarius, L. helveticus, L. plantarum, L. casei<\/p>\n<p class=\"a-spacing-base\">L. acidophilus, L. crispatus, L. rhamnosus,\u00a0B. longum, B. infantis,\u00a0P. acidilactici.<\/p>\n<p>Hecho en USA<\/p>\n<p>Certificados GMP, Non GMP, Libre de Gluten, Soya, Lactosa.<\/p>\n<p>Para mayor informaci\u00f3n verificar el contenido en las etiquetas de las fotos o comunicarse con un agente NACASALUD.<\/p>","protected":false},"excerpt":{"rendered":"<p>Probi\u00f3tico Mujer Vitalitown 120 billones 30 Cepas 30 Capsulas<\/p>","protected":false},"featured_media":1584,"template":"","meta":{"_acf_changed":false,"site-sidebar-layout":"default","site-content-layout":"","ast-site-content-layout":"default","site-content-style":"default","site-sidebar-style":"default","ast-global-header-display":"","ast-banner-title-visibility":"","ast-main-header-display":"","ast-hfb-above-header-display":"","ast-hfb-below-header-display":"","ast-hfb-mobile-header-display":"","site-post-title":"","ast-breadcrumbs-content":"","ast-featured-img":"","footer-sml-layout":"","theme-transparent-header-meta":"default","adv-header-id-meta":"","stick-header-meta":"","header-above-stick-meta":"","header-main-stick-meta":"","header-below-stick-meta":"","astra-migrate-meta-layouts":"set","ast-page-background-enabled":"default","ast-page-background-meta":{"desktop":{"background-color":"","background-image":"","background-repeat":"repeat","background-position":"center center","background-size":"auto","background-attachment":"scroll","background-type":"","background-media":"","overlay-type":"","overlay-color":"","overlay-gradient":""},"tablet":{"background-color":"","background-image":"","background-repeat":"repeat","background-position":"center center","background-size":"auto","background-attachment":"scroll","background-type":"","background-media":"","overlay-type":"","overlay-color":"","overlay-gradient":""},"mobile":{"background-color":"","background-image":"","background-repeat":"repeat","background-position":"center center","background-size":"auto","background-attachment":"scroll","background-type":"","background-media":"","overlay-type":"","overlay-color":"","overlay-gradient":""}},"ast-content-background-meta":{"desktop":{"background-color":"var(--ast-global-color-5)","background-image":"","background-repeat":"repeat","background-position":"center center","background-size":"auto","background-attachment":"scroll","background-type":"","background-media":"","overlay-type":"","overlay-color":"","overlay-gradient":""},"tablet":{"background-color":"var(--ast-global-color-5)","background-image":"","background-repeat":"repeat","background-position":"center center","background-size":"auto","background-attachment":"scroll","background-type":"","background-media":"","overlay-type":"","overlay-color":"","overlay-gradient":""},"mobile":{"background-color":"var(--ast-global-color-5)","background-image":"","background-repeat":"repeat","background-position":"center center","background-size":"auto","background-attachment":"scroll","background-type":"","background-media":"","overlay-type":"","overlay-color":"","overlay-gradient":""}}},"product_brand":[],"product_cat":[32],"product_tag":[],"offers":[],"class_list":{"0":"post-1582","1":"product","2":"type-product","3":"status-publish","4":"has-post-thumbnail","6":"product_cat-probioticos","7":"desktop-align-left","8":"tablet-align-left","9":"mobile-align-left","11":"first","12":"instock","13":"taxable","14":"shipping-taxable","15":"purchasable","16":"product-type-simple"},"acf":[],"jetpack_sharing_enabled":true,"_links":{"self":[{"href":"https:\/\/nacasalud.com\/en\/wp-json\/wp\/v2\/product\/1582","targetHints":{"allow":["GET"]}}],"collection":[{"href":"https:\/\/nacasalud.com\/en\/wp-json\/wp\/v2\/product"}],"about":[{"href":"https:\/\/nacasalud.com\/en\/wp-json\/wp\/v2\/types\/product"}],"wp:featuredmedia":[{"embeddable":true,"href":"https:\/\/nacasalud.com\/en\/wp-json\/wp\/v2\/media\/1584"}],"wp:attachment":[{"href":"https:\/\/nacasalud.com\/en\/wp-json\/wp\/v2\/media?parent=1582"}],"wp:term":[{"taxonomy":"product_brand","embeddable":true,"href":"https:\/\/nacasalud.com\/en\/wp-json\/wp\/v2\/product_brand?post=1582"},{"taxonomy":"product_cat","embeddable":true,"href":"https:\/\/nacasalud.com\/en\/wp-json\/wp\/v2\/product_cat?post=1582"},{"taxonomy":"product_tag","embeddable":true,"href":"https:\/\/nacasalud.com\/en\/wp-json\/wp\/v2\/product_tag?post=1582"},{"taxonomy":"offers","embeddable":true,"href":"https:\/\/nacasalud.com\/en\/wp-json\/wp\/v2\/offers?post=1582"}],"curies":[{"name":"wp","href":"https:\/\/api.w.org\/{rel}","templated":true}]}}