{"id":1641,"date":"2024-01-26T00:23:14","date_gmt":"2024-01-26T00:23:14","guid":{"rendered":"https:\/\/nacasalud.com\/?post_type=product&#038;p=1641"},"modified":"2026-04-01T00:03:39","modified_gmt":"2026-04-01T00:03:39","slug":"enzima-q10-puritans-pride-100-mg-60-capsulas","status":"publish","type":"product","link":"https:\/\/nacasalud.com\/en\/product\/enzima-q10-puritans-pride-100-mg-60-capsulas\/","title":{"rendered":"Enzima Q10 Puritans Pride 100 mg 60 Capsulas"},"content":{"rendered":"<h3>Beneficios de la Enzima C0Q10<\/h3>\n<p>&nbsp;<\/p>\n<p>La coenzima Q10 (tambi\u00e9n conocida como ubiquinona) es una sustancia que el cuerpo produce naturalmente y que desempe\u00f1a un papel clave en la producci\u00f3n de energ\u00eda celular. Aqu\u00ed tienes sus principales beneficios:<\/p>\n<ul>\n<li><strong>Mejora la funci\u00f3n cardiovascular<\/strong>: Ayuda a fortalecer el m\u00fasculo card\u00edaco, mejorar la circulaci\u00f3n y reducir la presi\u00f3n arterial. Se ha utilizado como apoyo en casos de insuficiencia card\u00edaca y enfermedades coronarias.<\/li>\n<li><strong>Potente antioxidante<\/strong>: Protege las c\u00e9lulas del da\u00f1o causado por los radicales libres, lo que contribuye a prevenir el envejecimiento celular y enfermedades degenerativas.<\/li>\n<li><strong>Incrementa la energ\u00eda y reduce la fatiga<\/strong>: Al participar en la producci\u00f3n de ATP (la principal fuente de energ\u00eda celular), puede mejorar el rendimiento f\u00edsico y reducir el cansancio, especialmente en personas con deficiencia de esta enzima.<\/li>\n<li><strong>Apoya la salud cerebral<\/strong>: Mejora la funci\u00f3n cognitiva, la memoria y la concentraci\u00f3n. Se ha investigado su papel en la prevenci\u00f3n de enfermedades neurodegenerativas como el Alzheimer y el Parkinson.<\/li>\n<li><strong>Beneficia la piel<\/strong>: Al proteger contra el estr\u00e9s oxidativo, puede ayudar a mantener la elasticidad de la piel y reducir la aparici\u00f3n de arrugas.<\/li>\n<li><strong>Puede reducir efectos secundarios de estatinas<\/strong>: Las personas que toman medicamentos para el colesterol pueden experimentar una disminuci\u00f3n de los niveles de Q10, lo que se asocia con dolores musculares. Suplementar con Q10 puede aliviar estos s\u00edntomas.<\/li>\n<li><strong>Apoya la fertilidad<\/strong>: Se ha estudiado su capacidad para mejorar la calidad de \u00f3vulos y espermatozoides, especialmente en personas mayores.<\/li>\n<\/ul>\n<p>Hecho en USA<\/p>\n<p>Certificados GMP, Non GMP, Libre de Gluten, Soya, Lactosa.<\/p>\n<p>Para mayor informaci\u00f3n verificar el contenido en las etiquetas de las fotos o comunicarse con un agente NACASALUD.<\/p>","protected":false},"excerpt":{"rendered":"<p>Enzima Q10 Puritans Pride 100 mg 60 Capsulas<\/p>","protected":false},"featured_media":1642,"template":"","meta":{"_acf_changed":false,"site-sidebar-layout":"default","site-content-layout":"","ast-site-content-layout":"default","site-content-style":"default","site-sidebar-style":"default","ast-global-header-display":"","ast-banner-title-visibility":"","ast-main-header-display":"","ast-hfb-above-header-display":"","ast-hfb-below-header-display":"","ast-hfb-mobile-header-display":"","site-post-title":"","ast-breadcrumbs-content":"","ast-featured-img":"","footer-sml-layout":"","theme-transparent-header-meta":"default","adv-header-id-meta":"","stick-header-meta":"","header-above-stick-meta":"","header-main-stick-meta":"","header-below-stick-meta":"","astra-migrate-meta-layouts":"set","ast-page-background-enabled":"default","ast-page-background-meta":{"desktop":{"background-color":"","background-image":"","background-repeat":"repeat","background-position":"center center","background-size":"auto","background-attachment":"scroll","background-type":"","background-media":"","overlay-type":"","overlay-color":"","overlay-gradient":""},"tablet":{"background-color":"","background-image":"","background-repeat":"repeat","background-position":"center center","background-size":"auto","background-attachment":"scroll","background-type":"","background-media":"","overlay-type":"","overlay-color":"","overlay-gradient":""},"mobile":{"background-color":"","background-image":"","background-repeat":"repeat","background-position":"center center","background-size":"auto","background-attachment":"scroll","background-type":"","background-media":"","overlay-type":"","overlay-color":"","overlay-gradient":""}},"ast-content-background-meta":{"desktop":{"background-color":"var(--ast-global-color-5)","background-image":"","background-repeat":"repeat","background-position":"center center","background-size":"auto","background-attachment":"scroll","background-type":"","background-media":"","overlay-type":"","overlay-color":"","overlay-gradient":""},"tablet":{"background-color":"var(--ast-global-color-5)","background-image":"","background-repeat":"repeat","background-position":"center center","background-size":"auto","background-attachment":"scroll","background-type":"","background-media":"","overlay-type":"","overlay-color":"","overlay-gradient":""},"mobile":{"background-color":"var(--ast-global-color-5)","background-image":"","background-repeat":"repeat","background-position":"center center","background-size":"auto","background-attachment":"scroll","background-type":"","background-media":"","overlay-type":"","overlay-color":"","overlay-gradient":""}}},"product_brand":[],"product_cat":[33,42],"product_tag":[],"offers":[],"class_list":{"0":"post-1641","1":"product","2":"type-product","3":"status-publish","4":"has-post-thumbnail","6":"product_cat-corazon","7":"product_cat-nervios","8":"desktop-align-left","9":"tablet-align-left","10":"mobile-align-left","12":"first","13":"instock","14":"taxable","15":"shipping-taxable","16":"purchasable","17":"product-type-simple"},"acf":[],"jetpack_sharing_enabled":true,"_links":{"self":[{"href":"https:\/\/nacasalud.com\/en\/wp-json\/wp\/v2\/product\/1641","targetHints":{"allow":["GET"]}}],"collection":[{"href":"https:\/\/nacasalud.com\/en\/wp-json\/wp\/v2\/product"}],"about":[{"href":"https:\/\/nacasalud.com\/en\/wp-json\/wp\/v2\/types\/product"}],"wp:featuredmedia":[{"embeddable":true,"href":"https:\/\/nacasalud.com\/en\/wp-json\/wp\/v2\/media\/1642"}],"wp:attachment":[{"href":"https:\/\/nacasalud.com\/en\/wp-json\/wp\/v2\/media?parent=1641"}],"wp:term":[{"taxonomy":"product_brand","embeddable":true,"href":"https:\/\/nacasalud.com\/en\/wp-json\/wp\/v2\/product_brand?post=1641"},{"taxonomy":"product_cat","embeddable":true,"href":"https:\/\/nacasalud.com\/en\/wp-json\/wp\/v2\/product_cat?post=1641"},{"taxonomy":"product_tag","embeddable":true,"href":"https:\/\/nacasalud.com\/en\/wp-json\/wp\/v2\/product_tag?post=1641"},{"taxonomy":"offers","embeddable":true,"href":"https:\/\/nacasalud.com\/en\/wp-json\/wp\/v2\/offers?post=1641"}],"curies":[{"name":"wp","href":"https:\/\/api.w.org\/{rel}","templated":true}]}}