{"id":1644,"date":"2024-01-26T00:45:01","date_gmt":"2024-01-26T00:45:01","guid":{"rendered":"https:\/\/nacasalud.com\/?post_type=product&#038;p=1644"},"modified":"2026-04-02T02:03:38","modified_gmt":"2026-04-02T02:03:38","slug":"gaba-swanson-500-mg-100-capsulas","status":"publish","type":"product","link":"https:\/\/nacasalud.com\/en\/product\/gaba-swanson-500-mg-100-capsulas\/","title":{"rendered":"GABA Swanson 500 mg 100 Capsulas"},"content":{"rendered":"<h2 data-start=\"44\" data-end=\"86\">\ud83e\udde0 Beneficios del GABA (suplementaci\u00f3n)<\/h2>\n<h3 data-start=\"88\" data-end=\"147\">1. <strong data-start=\"95\" data-end=\"147\">Efecto calmante \/ reducci\u00f3n de estr\u00e9s y ansiedad<\/strong><\/h3>\n<p data-start=\"148\" data-end=\"303\"><span class=\"relative -mx-px my-[-0.2rem] rounded px-px py-[0.2rem] transition-colors duration-100 ease-in-out\">GABA es el principal neurotransmisor inhibidor del cerebro, ayudando a \u201cbajar el volumen\u201d de la actividad neuronal. Esto genera una sensaci\u00f3n de calma y reduce s\u00edntomas de ansiedad y estr\u00e9s<\/span>.<br data-start=\"224\" data-end=\"227\" \/><span class=\"relative -mx-px my-[-0.2rem] rounded px-px py-[0.2rem] transition-colors duration-100 ease-in-out\">Algunos estudios peque\u00f1os han mostrado aumento de ondas alfa en el cerebro una hora despu\u00e9s de ingerir GABA, lo que est\u00e1 asociado con estados relajados<\/span> <span class=\"\" data-state=\"closed\"><span class=\"ms-1 inline-flex max-w-full items-center relative top-[-0.094rem] animate-[show_150ms_ease-in]\"><a class=\"flex h-4.5 overflow-hidden rounded-xl px-2 text-[9px] font-medium text-token-text-secondary! bg-[#F4F4F4]! dark:bg-[#303030]! transition-colors duration-150 ease-in-out\" href=\"https:\/\/www.webmd.com\/diet\/health-benefits-gaba?utm_source=chatgpt.com\" target=\"_blank\" rel=\"noopener\"><span class=\"relative start-0 bottom-0 flex h-full w-full items-center\"><span class=\"flex h-4 w-full items-center justify-between overflow-hidden\"><span class=\"max-w-full grow truncate overflow-hidden text-center\">webmd.com<\/span><\/span><\/span><\/a><\/span><\/span>.<\/p>\n<hr data-start=\"305\" data-end=\"308\" \/>\n<h3 data-start=\"310\" data-end=\"337\">2. <strong data-start=\"317\" data-end=\"337\">Mejora del sue\u00f1o<\/strong><\/h3>\n<p data-start=\"338\" data-end=\"414\"><span class=\"relative -mx-px my-[-0.2rem] rounded px-px py-[0.2rem] transition-colors duration-100 ease-in-out\">Tomar GABA antes de acostarse (ej. 300\u202fmg) ha demostrado en algunos estudios acortar el tiempo para conciliar el sue\u00f1o y mejorar la calidad del descanso sin provocar somnolencia al despertar<\/span>.<\/p>\n<hr data-start=\"416\" data-end=\"419\" \/>\n<h3 data-start=\"421\" data-end=\"471\">3. <strong data-start=\"428\" data-end=\"471\">Presi\u00f3n arterial y salud cardiovascular<\/strong><\/h3>\n<p data-start=\"472\" data-end=\"548\"><span class=\"relative -mx-px my-[-0.2rem] rounded px-px py-[0.2rem] transition-colors duration-100 ease-in-out\">Hay evidencias de que dosis moderadas (ej. 80\u202fmg\/d\u00eda) pueden ayudar a reducir la presi\u00f3n arterial en personas con hipertensi\u00f3n<\/span>.<\/p>\n<hr data-start=\"550\" data-end=\"553\" \/>\n<h3 data-start=\"555\" data-end=\"606\">4. <strong data-start=\"562\" data-end=\"606\">Mejora cognitiva y recuperaci\u00f3n muscular<\/strong><\/h3>\n<p data-start=\"607\" data-end=\"768\"><span class=\"relative -mx-px my-[-0.2rem] rounded px-px py-[0.2rem] transition-colors duration-100 ease-in-out\">Al reducir el estr\u00e9s, GABA puede mejorar la concentraci\u00f3n, la agilidad mental y disminuir la fatiga.<\/span><br data-start=\"685\" data-end=\"688\" \/><span class=\"relative -mx-px my-[-0.2rem] rounded px-px py-[0.2rem] transition-colors duration-100 ease-in-out\">Tambi\u00e9n puede favorecer la recuperaci\u00f3n deportiva y el tono muscular.<\/span><\/p>\n<p data-start=\"770\" data-end=\"850\"><span class=\"relative -mx-px my-[-0.2rem] rounded px-px py-[0.2rem] transition-colors duration-100 ease-in-out\">Adem\u00e1s, aunque es anecd\u00f3tico, usuarios han reportado aumentos marcados en la hormona de crecimiento y mejoras en recuperaci\u00f3n tras ejercicio con dosis de 3\u202fg, aunque estos efectos podr\u00edan disminuir tras varias semanas<\/span>.<\/p>","protected":false},"excerpt":{"rendered":"<p>GABA Swanson 500 mg 100 Capsulas<\/p>","protected":false},"featured_media":1645,"template":"","meta":{"_acf_changed":false,"site-sidebar-layout":"default","site-content-layout":"","ast-site-content-layout":"default","site-content-style":"default","site-sidebar-style":"default","ast-global-header-display":"","ast-banner-title-visibility":"","ast-main-header-display":"","ast-hfb-above-header-display":"","ast-hfb-below-header-display":"","ast-hfb-mobile-header-display":"","site-post-title":"","ast-breadcrumbs-content":"","ast-featured-img":"","footer-sml-layout":"","theme-transparent-header-meta":"default","adv-header-id-meta":"","stick-header-meta":"","header-above-stick-meta":"","header-main-stick-meta":"","header-below-stick-meta":"","astra-migrate-meta-layouts":"set","ast-page-background-enabled":"default","ast-page-background-meta":{"desktop":{"background-color":"","background-image":"","background-repeat":"repeat","background-position":"center center","background-size":"auto","background-attachment":"scroll","background-type":"","background-media":"","overlay-type":"","overlay-color":"","overlay-gradient":""},"tablet":{"background-color":"","background-image":"","background-repeat":"repeat","background-position":"center center","background-size":"auto","background-attachment":"scroll","background-type":"","background-media":"","overlay-type":"","overlay-color":"","overlay-gradient":""},"mobile":{"background-color":"","background-image":"","background-repeat":"repeat","background-position":"center center","background-size":"auto","background-attachment":"scroll","background-type":"","background-media":"","overlay-type":"","overlay-color":"","overlay-gradient":""}},"ast-content-background-meta":{"desktop":{"background-color":"var(--ast-global-color-5)","background-image":"","background-repeat":"repeat","background-position":"center center","background-size":"auto","background-attachment":"scroll","background-type":"","background-media":"","overlay-type":"","overlay-color":"","overlay-gradient":""},"tablet":{"background-color":"var(--ast-global-color-5)","background-image":"","background-repeat":"repeat","background-position":"center center","background-size":"auto","background-attachment":"scroll","background-type":"","background-media":"","overlay-type":"","overlay-color":"","overlay-gradient":""},"mobile":{"background-color":"var(--ast-global-color-5)","background-image":"","background-repeat":"repeat","background-position":"center center","background-size":"auto","background-attachment":"scroll","background-type":"","background-media":"","overlay-type":"","overlay-color":"","overlay-gradient":""}}},"product_brand":[],"product_cat":[42],"product_tag":[],"offers":[],"class_list":{"0":"post-1644","1":"product","2":"type-product","3":"status-publish","4":"has-post-thumbnail","6":"product_cat-nervios","7":"desktop-align-left","8":"tablet-align-left","9":"mobile-align-left","11":"first","12":"outofstock","13":"taxable","14":"shipping-taxable","15":"purchasable","16":"product-type-simple"},"acf":[],"jetpack_sharing_enabled":true,"_links":{"self":[{"href":"https:\/\/nacasalud.com\/en\/wp-json\/wp\/v2\/product\/1644","targetHints":{"allow":["GET"]}}],"collection":[{"href":"https:\/\/nacasalud.com\/en\/wp-json\/wp\/v2\/product"}],"about":[{"href":"https:\/\/nacasalud.com\/en\/wp-json\/wp\/v2\/types\/product"}],"wp:featuredmedia":[{"embeddable":true,"href":"https:\/\/nacasalud.com\/en\/wp-json\/wp\/v2\/media\/1645"}],"wp:attachment":[{"href":"https:\/\/nacasalud.com\/en\/wp-json\/wp\/v2\/media?parent=1644"}],"wp:term":[{"taxonomy":"product_brand","embeddable":true,"href":"https:\/\/nacasalud.com\/en\/wp-json\/wp\/v2\/product_brand?post=1644"},{"taxonomy":"product_cat","embeddable":true,"href":"https:\/\/nacasalud.com\/en\/wp-json\/wp\/v2\/product_cat?post=1644"},{"taxonomy":"product_tag","embeddable":true,"href":"https:\/\/nacasalud.com\/en\/wp-json\/wp\/v2\/product_tag?post=1644"},{"taxonomy":"offers","embeddable":true,"href":"https:\/\/nacasalud.com\/en\/wp-json\/wp\/v2\/offers?post=1644"}],"curies":[{"name":"wp","href":"https:\/\/api.w.org\/{rel}","templated":true}]}}