{"id":1692,"date":"2024-01-27T15:19:46","date_gmt":"2024-01-27T15:19:46","guid":{"rendered":"https:\/\/nacasalud.com\/?post_type=product&#038;p=1692"},"modified":"2026-04-01T00:10:05","modified_gmt":"2026-04-01T00:10:05","slug":"maca-natures-way-525-mg-100-capsulas","status":"publish","type":"product","link":"https:\/\/nacasalud.com\/en\/product\/maca-natures-way-525-mg-100-capsulas\/","title":{"rendered":"Maca Nature&#8217;s Way 525 mg 100 Capsulas"},"content":{"rendered":"<p>La maca es una ra\u00edz andina con una historia milenaria y un perfil nutricional impresionante. Se ha utilizado tradicionalmente como t\u00f3nico energ\u00e9tico y afrodis\u00edaco, y hoy en d\u00eda se considera un superalimento por sus m\u00faltiples beneficios para la salud. Aqu\u00ed tienes un resumen claro y estructurado:<\/p>\n<h3>\ud83c\udf31 Beneficios comprobados de la maca<\/h3>\n<p><strong>Nutricionales:<\/strong><\/p>\n<ul>\n<li>Rica en prote\u00ednas, amino\u00e1cidos esenciales y fibra<\/li>\n<li>Fuente de carbohidratos complejos para energ\u00eda sostenida<\/li>\n<li>Alta en vitamina C, A, B1, B2 y B6<\/li>\n<li>Contiene minerales clave: calcio, hierro, potasio, zinc y manganeso<\/li>\n<\/ul>\n<p><strong>Funcionales:<\/strong><\/p>\n<ul>\n<li>\ud83d\udd0b Mejora la energ\u00eda y el rendimiento f\u00edsico<\/li>\n<li class=\"ps-2\">\ud83e\udde0 Favorece la memoria y el aprendizaje<\/li>\n<li class=\"ps-2\">\ud83d\udcaa Apoya la funci\u00f3n muscular y la recuperaci\u00f3n deportiva<\/li>\n<li class=\"ps-2\">\u2764\ufe0f Estimula la libido y la funci\u00f3n sexual en hombres y mujeres<span class=\"mx-0.5 inline-block h-5 w-4 pb-1 align-middle\" data-copy=\"false\"><button id=\":r2a:\" type=\"button\" aria-expanded=\"false\" aria-controls=\":r29:\" aria-label=\"Citation 2\">2<\/button><\/span><\/li>\n<li>\ud83d\udc69\u200d\u2695\ufe0f Alivia s\u00edntomas de la menopausia y equilibra hormonas<\/li>\n<li class=\"ps-2\">\ud83e\uddd8\u200d\u2642\ufe0f Act\u00faa como adapt\u00f3geno, ayudando al cuerpo a manejar el estr\u00e9s<\/li>\n<li class=\"ps-2\">\ud83e\uddec Contiene antioxidantes que protegen contra el da\u00f1o celular<\/li>\n<li class=\"ps-2\">\ud83e\uddf4 Protege la piel de los rayos UV de forma natural<\/li>\n<li class=\"ps-2\">\ud83e\udde0 Puede mejorar el estado de \u00e1nimo y reducir la ansieda<\/li>\n<\/ul>\n<p>Hecho en USA<\/p>\n<p>Certificados GMP, Non GMP, Libre de Gluten, Soya, Lactosa.<\/p>\n<p>Para mayor informaci\u00f3n verificar el contenido en las etiquetas de las fotos o comunicarse con un EMBAJADOR DE NACASALUD.<\/p>","protected":false},"excerpt":{"rendered":"<p>La maca es una ra\u00edz andina con una historia milenaria y un perfil nutricional impresionante. Se ha utilizado tradicionalmente como t\u00f3nico energ\u00e9tico y afrodis\u00edaco, y hoy en d\u00eda se considera un superalimento por sus m\u00faltiples beneficios para la salud. Aqu\u00ed tienes un resumen claro y estructurado: \ud83c\udf31 Beneficios comprobados de la maca Nutricionales: Rica en &hellip;<\/p>\n<p class=\"read-more\"> <a class=\"\" href=\"https:\/\/nacasalud.com\/en\/product\/maca-natures-way-525-mg-100-capsulas\/\"> <span class=\"screen-reader-text\">Maca Nature&#8217;s Way 525 mg 100 Capsulas<\/span> Read More &raquo;<\/a><\/p>","protected":false},"featured_media":1693,"template":"","meta":{"_acf_changed":false,"site-sidebar-layout":"default","site-content-layout":"","ast-site-content-layout":"default","site-content-style":"default","site-sidebar-style":"default","ast-global-header-display":"","ast-banner-title-visibility":"","ast-main-header-display":"","ast-hfb-above-header-display":"","ast-hfb-below-header-display":"","ast-hfb-mobile-header-display":"","site-post-title":"","ast-breadcrumbs-content":"","ast-featured-img":"","footer-sml-layout":"","theme-transparent-header-meta":"default","adv-header-id-meta":"","stick-header-meta":"","header-above-stick-meta":"","header-main-stick-meta":"","header-below-stick-meta":"","astra-migrate-meta-layouts":"set","ast-page-background-enabled":"default","ast-page-background-meta":{"desktop":{"background-color":"","background-image":"","background-repeat":"repeat","background-position":"center center","background-size":"auto","background-attachment":"scroll","background-type":"","background-media":"","overlay-type":"","overlay-color":"","overlay-gradient":""},"tablet":{"background-color":"","background-image":"","background-repeat":"repeat","background-position":"center center","background-size":"auto","background-attachment":"scroll","background-type":"","background-media":"","overlay-type":"","overlay-color":"","overlay-gradient":""},"mobile":{"background-color":"","background-image":"","background-repeat":"repeat","background-position":"center center","background-size":"auto","background-attachment":"scroll","background-type":"","background-media":"","overlay-type":"","overlay-color":"","overlay-gradient":""}},"ast-content-background-meta":{"desktop":{"background-color":"var(--ast-global-color-5)","background-image":"","background-repeat":"repeat","background-position":"center center","background-size":"auto","background-attachment":"scroll","background-type":"","background-media":"","overlay-type":"","overlay-color":"","overlay-gradient":""},"tablet":{"background-color":"var(--ast-global-color-5)","background-image":"","background-repeat":"repeat","background-position":"center center","background-size":"auto","background-attachment":"scroll","background-type":"","background-media":"","overlay-type":"","overlay-color":"","overlay-gradient":""},"mobile":{"background-color":"var(--ast-global-color-5)","background-image":"","background-repeat":"repeat","background-position":"center center","background-size":"auto","background-attachment":"scroll","background-type":"","background-media":"","overlay-type":"","overlay-color":"","overlay-gradient":""}}},"product_brand":[],"product_cat":[44],"product_tag":[54],"offers":[],"class_list":{"0":"post-1692","1":"product","2":"type-product","3":"status-publish","4":"has-post-thumbnail","6":"product_cat-antiflamatorio","7":"product_tag-naca-des-1004","8":"desktop-align-left","9":"tablet-align-left","10":"mobile-align-left","12":"first","13":"instock","14":"taxable","15":"shipping-taxable","16":"purchasable","17":"product-type-simple"},"acf":[],"jetpack_sharing_enabled":true,"_links":{"self":[{"href":"https:\/\/nacasalud.com\/en\/wp-json\/wp\/v2\/product\/1692","targetHints":{"allow":["GET"]}}],"collection":[{"href":"https:\/\/nacasalud.com\/en\/wp-json\/wp\/v2\/product"}],"about":[{"href":"https:\/\/nacasalud.com\/en\/wp-json\/wp\/v2\/types\/product"}],"wp:featuredmedia":[{"embeddable":true,"href":"https:\/\/nacasalud.com\/en\/wp-json\/wp\/v2\/media\/1693"}],"wp:attachment":[{"href":"https:\/\/nacasalud.com\/en\/wp-json\/wp\/v2\/media?parent=1692"}],"wp:term":[{"taxonomy":"product_brand","embeddable":true,"href":"https:\/\/nacasalud.com\/en\/wp-json\/wp\/v2\/product_brand?post=1692"},{"taxonomy":"product_cat","embeddable":true,"href":"https:\/\/nacasalud.com\/en\/wp-json\/wp\/v2\/product_cat?post=1692"},{"taxonomy":"product_tag","embeddable":true,"href":"https:\/\/nacasalud.com\/en\/wp-json\/wp\/v2\/product_tag?post=1692"},{"taxonomy":"offers","embeddable":true,"href":"https:\/\/nacasalud.com\/en\/wp-json\/wp\/v2\/offers?post=1692"}],"curies":[{"name":"wp","href":"https:\/\/api.w.org\/{rel}","templated":true}]}}