{"id":1799,"date":"2024-06-10T13:00:54","date_gmt":"2024-06-10T13:00:54","guid":{"rendered":"https:\/\/nacasalud.com\/?post_type=product&#038;p=1799"},"modified":"2026-02-21T05:24:10","modified_gmt":"2026-02-21T05:24:10","slug":"pasta-dental-toothpaste-now-refreshmint-6-4-oz","status":"publish","type":"product","link":"https:\/\/nacasalud.com\/en\/product\/pasta-dental-toothpaste-now-refreshmint-6-4-oz\/","title":{"rendered":"Pasta dental NOW Menta Libre de Fluor 181 gr"},"content":{"rendered":"<h3>\ud83c\udf3f Beneficios de la pasta dental libre de fl\u00faor<\/h3>\n<ul>\n<li><strong>Seguridad infantil<\/strong> \ud83e\uddd2 Perfecta para ni\u00f1os que a\u00fan no escupen correctamente. Evita riesgos como la fluorosis dental, que ocurre por ingesti\u00f3n excesiva de fl\u00faor durante el desarrollo dental.<\/li>\n<li><strong>Formulaci\u00f3n natural y limpia<\/strong> \ud83c\udf31 Suelen contener ingredientes como xilitol, bicarbonato de sodio, calcio y extractos bot\u00e1nicos. Sin SLS, parabenos ni colorantes artificiales, lo cual conecta directamente con el enfoque microbiol\u00f3gico y \u00e9tico de NACASALUD.<\/li>\n<li><strong>Ideal en zonas con agua fluorada<\/strong> \ud83d\udca7 En \u00e1reas donde el suministro de agua ya contiene fl\u00faor, usar una pasta sin este mineral evita la sobreexposici\u00f3n y promueve un equilibrio m\u00e1s seguro.<\/li>\n<li><strong>Apta para personas con sensibilidad qu\u00edmica<\/strong> \ud83e\uddd8 Evita posibles reacciones adversas asociadas al fl\u00faor en personas con condiciones autoinmunes o sensibilidad oral.<\/li>\n<li><strong>Respeta el equilibrio oral<\/strong> \ud83d\udd2c El xilitol ayuda a inhibir bacterias da\u00f1inas sin alterar el ecosistema microbiano de la boca. Esto puede ser \u00fatil en el marco de tus proyectos sobre microbiolog\u00eda aplicada.<\/li>\n<li><strong>Opciones veganas y cruelty-free<\/strong> \ud83d\udc30 Las marcas sin fl\u00faor suelen priorizar valores como sustentabilidad, respeto animal y transparencia en ingredientes. Esto fortalece la conexi\u00f3n emocional y \u00e9tica con la comunidad.<\/li>\n<\/ul>\n<p>Hecho en USA<\/p>\n<p>Certificados GMP, Non GMP, Libre de Gluten, Soya, Lactosa.<\/p>\n<p>Para mayor informaci\u00f3n verificar el contenido en las etiquetas de las fotos o comunicarse con un Embajador de NACASALUD.<\/p>","protected":false},"excerpt":{"rendered":"<p>Pasta dental toothpaste NOW refreshmint 6.4 oz<\/p>","protected":false},"featured_media":1800,"template":"","meta":{"_acf_changed":false,"site-sidebar-layout":"default","site-content-layout":"","ast-site-content-layout":"default","site-content-style":"default","site-sidebar-style":"default","ast-global-header-display":"","ast-banner-title-visibility":"","ast-main-header-display":"","ast-hfb-above-header-display":"","ast-hfb-below-header-display":"","ast-hfb-mobile-header-display":"","site-post-title":"","ast-breadcrumbs-content":"","ast-featured-img":"","footer-sml-layout":"","theme-transparent-header-meta":"default","adv-header-id-meta":"","stick-header-meta":"","header-above-stick-meta":"","header-main-stick-meta":"","header-below-stick-meta":"","astra-migrate-meta-layouts":"set","ast-page-background-enabled":"default","ast-page-background-meta":{"desktop":{"background-color":"","background-image":"","background-repeat":"repeat","background-position":"center center","background-size":"auto","background-attachment":"scroll","background-type":"","background-media":"","overlay-type":"","overlay-color":"","overlay-gradient":""},"tablet":{"background-color":"","background-image":"","background-repeat":"repeat","background-position":"center center","background-size":"auto","background-attachment":"scroll","background-type":"","background-media":"","overlay-type":"","overlay-color":"","overlay-gradient":""},"mobile":{"background-color":"","background-image":"","background-repeat":"repeat","background-position":"center center","background-size":"auto","background-attachment":"scroll","background-type":"","background-media":"","overlay-type":"","overlay-color":"","overlay-gradient":""}},"ast-content-background-meta":{"desktop":{"background-color":"var(--ast-global-color-5)","background-image":"","background-repeat":"repeat","background-position":"center center","background-size":"auto","background-attachment":"scroll","background-type":"","background-media":"","overlay-type":"","overlay-color":"","overlay-gradient":""},"tablet":{"background-color":"var(--ast-global-color-5)","background-image":"","background-repeat":"repeat","background-position":"center center","background-size":"auto","background-attachment":"scroll","background-type":"","background-media":"","overlay-type":"","overlay-color":"","overlay-gradient":""},"mobile":{"background-color":"var(--ast-global-color-5)","background-image":"","background-repeat":"repeat","background-position":"center center","background-size":"auto","background-attachment":"scroll","background-type":"","background-media":"","overlay-type":"","overlay-color":"","overlay-gradient":""}}},"product_brand":[],"product_cat":[52],"product_tag":[],"offers":[],"class_list":{"0":"post-1799","1":"product","2":"type-product","3":"status-publish","4":"has-post-thumbnail","6":"product_cat-pasta-dental","7":"desktop-align-left","8":"tablet-align-left","9":"mobile-align-left","11":"first","12":"outofstock","13":"taxable","14":"shipping-taxable","15":"purchasable","16":"product-type-simple"},"acf":[],"jetpack_sharing_enabled":true,"_links":{"self":[{"href":"https:\/\/nacasalud.com\/en\/wp-json\/wp\/v2\/product\/1799","targetHints":{"allow":["GET"]}}],"collection":[{"href":"https:\/\/nacasalud.com\/en\/wp-json\/wp\/v2\/product"}],"about":[{"href":"https:\/\/nacasalud.com\/en\/wp-json\/wp\/v2\/types\/product"}],"wp:featuredmedia":[{"embeddable":true,"href":"https:\/\/nacasalud.com\/en\/wp-json\/wp\/v2\/media\/1800"}],"wp:attachment":[{"href":"https:\/\/nacasalud.com\/en\/wp-json\/wp\/v2\/media?parent=1799"}],"wp:term":[{"taxonomy":"product_brand","embeddable":true,"href":"https:\/\/nacasalud.com\/en\/wp-json\/wp\/v2\/product_brand?post=1799"},{"taxonomy":"product_cat","embeddable":true,"href":"https:\/\/nacasalud.com\/en\/wp-json\/wp\/v2\/product_cat?post=1799"},{"taxonomy":"product_tag","embeddable":true,"href":"https:\/\/nacasalud.com\/en\/wp-json\/wp\/v2\/product_tag?post=1799"},{"taxonomy":"offers","embeddable":true,"href":"https:\/\/nacasalud.com\/en\/wp-json\/wp\/v2\/offers?post=1799"}],"curies":[{"name":"wp","href":"https:\/\/api.w.org\/{rel}","templated":true}]}}