{"id":1807,"date":"2024-06-10T13:32:42","date_gmt":"2024-06-10T13:32:42","guid":{"rendered":"https:\/\/nacasalud.com\/?post_type=product&#038;p=1807"},"modified":"2026-04-13T00:19:05","modified_gmt":"2026-04-13T00:19:05","slug":"l-gluyhanione-swanson-100mg-100-capsulas","status":"publish","type":"product","link":"https:\/\/nacasalud.com\/en\/product\/l-gluyhanione-swanson-100mg-100-capsulas\/","title":{"rendered":"L Glutation Amazing Nutrition 500mg 60 capsulas"},"content":{"rendered":"<h3>\ud83c\udf1f Beneficios del Glutati\u00f3n<\/h3>\n<ul>\n<li>\ud83d\udee1\ufe0f <strong>Antioxidante maestro<\/strong>: Protege las c\u00e9lulas del da\u00f1o oxidativo y combate los radicales libres.<\/li>\n<li>\ud83e\uddec <strong>Desintoxicaci\u00f3n celular<\/strong>: Ayuda al h\u00edgado a eliminar toxinas, metales pesados y contaminantes.<\/li>\n<li>\ud83d\udcaa <strong>Fortalece el sistema inmunol\u00f3gico<\/strong>: Mejora la respuesta inmunitaria y la defensa contra infecciones.<\/li>\n<li>\ud83e\udde0 <strong>Protecci\u00f3n neurol\u00f3gica<\/strong>: Contribuye a la salud cerebral y puede reducir el riesgo de enfermedades neurodegenerativas.<\/li>\n<li>\u2728 <strong>Piel m\u00e1s luminosa<\/strong>: Favorece la regeneraci\u00f3n celular y puede ayudar a aclarar manchas y mejorar el tono de piel.<\/li>\n<li>\ud83d\udd0b <strong>M\u00e1s energ\u00eda celular<\/strong>: Optimiza la funci\u00f3n mitocondrial, lo que se traduce en mayor vitalidad.<\/li>\n<li>\ud83e\uddd3 <strong>Antienvejecimiento<\/strong>: Retrasa el deterioro celular y promueve una longevidad saludable.<\/li>\n<li>\u2764\ufe0f <strong>Salud cardiovascular<\/strong>: Reduce el estr\u00e9s oxidativo en vasos sangu\u00edneos y mejora la circulaci\u00f3n.<\/li>\n<li>\ud83e\ude7a <strong>Apoyo metab\u00f3lico<\/strong>: Participa en procesos como la s\u00edntesis de prote\u00ednas y el metabolismo de nutrientes.<\/li>\n<\/ul>\n<p>Para mayor informaci\u00f3n verificar el contenido en las etiquetas de las fotos o comunicarse con un EMBAJADOR NACASALUD.<\/p>","protected":false},"excerpt":{"rendered":"<p>L-Gluyhanione Swanson 100mg 100 capsulas<\/p>","protected":false},"featured_media":2740,"template":"","meta":{"_acf_changed":false,"site-sidebar-layout":"default","site-content-layout":"","ast-site-content-layout":"default","site-content-style":"default","site-sidebar-style":"default","ast-global-header-display":"","ast-banner-title-visibility":"","ast-main-header-display":"","ast-hfb-above-header-display":"","ast-hfb-below-header-display":"","ast-hfb-mobile-header-display":"","site-post-title":"","ast-breadcrumbs-content":"","ast-featured-img":"","footer-sml-layout":"","theme-transparent-header-meta":"default","adv-header-id-meta":"","stick-header-meta":"","header-above-stick-meta":"","header-main-stick-meta":"","header-below-stick-meta":"","astra-migrate-meta-layouts":"set","ast-page-background-enabled":"default","ast-page-background-meta":{"desktop":{"background-color":"","background-image":"","background-repeat":"repeat","background-position":"center center","background-size":"auto","background-attachment":"scroll","background-type":"","background-media":"","overlay-type":"","overlay-color":"","overlay-gradient":""},"tablet":{"background-color":"","background-image":"","background-repeat":"repeat","background-position":"center center","background-size":"auto","background-attachment":"scroll","background-type":"","background-media":"","overlay-type":"","overlay-color":"","overlay-gradient":""},"mobile":{"background-color":"","background-image":"","background-repeat":"repeat","background-position":"center center","background-size":"auto","background-attachment":"scroll","background-type":"","background-media":"","overlay-type":"","overlay-color":"","overlay-gradient":""}},"ast-content-background-meta":{"desktop":{"background-color":"var(--ast-global-color-5)","background-image":"","background-repeat":"repeat","background-position":"center center","background-size":"auto","background-attachment":"scroll","background-type":"","background-media":"","overlay-type":"","overlay-color":"","overlay-gradient":""},"tablet":{"background-color":"var(--ast-global-color-5)","background-image":"","background-repeat":"repeat","background-position":"center center","background-size":"auto","background-attachment":"scroll","background-type":"","background-media":"","overlay-type":"","overlay-color":"","overlay-gradient":""},"mobile":{"background-color":"var(--ast-global-color-5)","background-image":"","background-repeat":"repeat","background-position":"center center","background-size":"auto","background-attachment":"scroll","background-type":"","background-media":"","overlay-type":"","overlay-color":"","overlay-gradient":""}}},"product_brand":[],"product_cat":[39],"product_tag":[],"offers":[],"class_list":{"0":"post-1807","1":"product","2":"type-product","3":"status-publish","4":"has-post-thumbnail","6":"product_cat-antioxidante","7":"desktop-align-left","8":"tablet-align-left","9":"mobile-align-left","11":"first","12":"instock","13":"taxable","14":"shipping-taxable","15":"purchasable","16":"product-type-simple"},"acf":[],"jetpack_sharing_enabled":true,"_links":{"self":[{"href":"https:\/\/nacasalud.com\/en\/wp-json\/wp\/v2\/product\/1807","targetHints":{"allow":["GET"]}}],"collection":[{"href":"https:\/\/nacasalud.com\/en\/wp-json\/wp\/v2\/product"}],"about":[{"href":"https:\/\/nacasalud.com\/en\/wp-json\/wp\/v2\/types\/product"}],"wp:featuredmedia":[{"embeddable":true,"href":"https:\/\/nacasalud.com\/en\/wp-json\/wp\/v2\/media\/2740"}],"wp:attachment":[{"href":"https:\/\/nacasalud.com\/en\/wp-json\/wp\/v2\/media?parent=1807"}],"wp:term":[{"taxonomy":"product_brand","embeddable":true,"href":"https:\/\/nacasalud.com\/en\/wp-json\/wp\/v2\/product_brand?post=1807"},{"taxonomy":"product_cat","embeddable":true,"href":"https:\/\/nacasalud.com\/en\/wp-json\/wp\/v2\/product_cat?post=1807"},{"taxonomy":"product_tag","embeddable":true,"href":"https:\/\/nacasalud.com\/en\/wp-json\/wp\/v2\/product_tag?post=1807"},{"taxonomy":"offers","embeddable":true,"href":"https:\/\/nacasalud.com\/en\/wp-json\/wp\/v2\/offers?post=1807"}],"curies":[{"name":"wp","href":"https:\/\/api.w.org\/{rel}","templated":true}]}}