{"id":1820,"date":"2024-06-10T14:25:50","date_gmt":"2024-06-10T14:25:50","guid":{"rendered":"https:\/\/nacasalud.com\/?post_type=product&#038;p=1820"},"modified":"2026-04-08T02:37:52","modified_gmt":"2026-04-08T02:37:52","slug":"l-glutamine-amazing-nutrition-1000mg-120-capsulas","status":"publish","type":"product","link":"https:\/\/nacasalud.com\/en\/product\/l-glutamine-amazing-nutrition-1000mg-120-capsulas\/","title":{"rendered":"L Glutamina Amazing Nutrition 1000mg 120 capsulas"},"content":{"rendered":"<p>beneficios m\u00e1s reconocidos de la glutamina:<\/p>\n<ul>\n<li>Promueve la reparaci\u00f3n muscular y reduce el dolor post-entrenamiento.<\/li>\n<li>Apoya la funci\u00f3n del sistema inmunol\u00f3gico, especialmente en situaciones de estr\u00e9s f\u00edsico.<\/li>\n<li>Mejora la integridad del sistema digestivo al fortalecer las c\u00e9lulas del intestino.<\/li>\n<li>Contribuye a mantener el balance \u00e1cido-base en el cuerpo.<\/li>\n<li>Participa en la s\u00edntesis de prote\u00ednas y otros amino\u00e1cidos.<\/li>\n<li>Puede ayudar a mejorar el rendimiento f\u00edsico y la recuperaci\u00f3n en atletas.<\/li>\n<\/ul>\n<p>Hecho en USA<\/p>\n<p>Certificados GMP, Non GMP, Libre de Gluten, Soya, Lactosa.<\/p>\n<p>Para mayor informaci\u00f3n verificar el contenido en las etiquetas de las fotos o comunicarse con un EMBAJADOR DE NACASALUD.<\/p>","protected":false},"excerpt":{"rendered":"<p>L-glutamine Amazing Nutrition 1000mg 120 capsulas<\/p>","protected":false},"featured_media":1821,"template":"","meta":{"_acf_changed":false,"site-sidebar-layout":"default","site-content-layout":"","ast-site-content-layout":"default","site-content-style":"default","site-sidebar-style":"default","ast-global-header-display":"","ast-banner-title-visibility":"","ast-main-header-display":"","ast-hfb-above-header-display":"","ast-hfb-below-header-display":"","ast-hfb-mobile-header-display":"","site-post-title":"","ast-breadcrumbs-content":"","ast-featured-img":"","footer-sml-layout":"","theme-transparent-header-meta":"default","adv-header-id-meta":"","stick-header-meta":"","header-above-stick-meta":"","header-main-stick-meta":"","header-below-stick-meta":"","astra-migrate-meta-layouts":"set","ast-page-background-enabled":"default","ast-page-background-meta":{"desktop":{"background-color":"","background-image":"","background-repeat":"repeat","background-position":"center center","background-size":"auto","background-attachment":"scroll","background-type":"","background-media":"","overlay-type":"","overlay-color":"","overlay-gradient":""},"tablet":{"background-color":"","background-image":"","background-repeat":"repeat","background-position":"center center","background-size":"auto","background-attachment":"scroll","background-type":"","background-media":"","overlay-type":"","overlay-color":"","overlay-gradient":""},"mobile":{"background-color":"","background-image":"","background-repeat":"repeat","background-position":"center center","background-size":"auto","background-attachment":"scroll","background-type":"","background-media":"","overlay-type":"","overlay-color":"","overlay-gradient":""}},"ast-content-background-meta":{"desktop":{"background-color":"var(--ast-global-color-5)","background-image":"","background-repeat":"repeat","background-position":"center center","background-size":"auto","background-attachment":"scroll","background-type":"","background-media":"","overlay-type":"","overlay-color":"","overlay-gradient":""},"tablet":{"background-color":"var(--ast-global-color-5)","background-image":"","background-repeat":"repeat","background-position":"center center","background-size":"auto","background-attachment":"scroll","background-type":"","background-media":"","overlay-type":"","overlay-color":"","overlay-gradient":""},"mobile":{"background-color":"var(--ast-global-color-5)","background-image":"","background-repeat":"repeat","background-position":"center center","background-size":"auto","background-attachment":"scroll","background-type":"","background-media":"","overlay-type":"","overlay-color":"","overlay-gradient":""}}},"product_brand":[],"product_cat":[39],"product_tag":[],"offers":[],"class_list":{"0":"post-1820","1":"product","2":"type-product","3":"status-publish","4":"has-post-thumbnail","6":"product_cat-antioxidante","7":"desktop-align-left","8":"tablet-align-left","9":"mobile-align-left","11":"first","12":"outofstock","13":"taxable","14":"shipping-taxable","15":"purchasable","16":"product-type-simple"},"acf":[],"jetpack_sharing_enabled":true,"_links":{"self":[{"href":"https:\/\/nacasalud.com\/en\/wp-json\/wp\/v2\/product\/1820","targetHints":{"allow":["GET"]}}],"collection":[{"href":"https:\/\/nacasalud.com\/en\/wp-json\/wp\/v2\/product"}],"about":[{"href":"https:\/\/nacasalud.com\/en\/wp-json\/wp\/v2\/types\/product"}],"wp:featuredmedia":[{"embeddable":true,"href":"https:\/\/nacasalud.com\/en\/wp-json\/wp\/v2\/media\/1821"}],"wp:attachment":[{"href":"https:\/\/nacasalud.com\/en\/wp-json\/wp\/v2\/media?parent=1820"}],"wp:term":[{"taxonomy":"product_brand","embeddable":true,"href":"https:\/\/nacasalud.com\/en\/wp-json\/wp\/v2\/product_brand?post=1820"},{"taxonomy":"product_cat","embeddable":true,"href":"https:\/\/nacasalud.com\/en\/wp-json\/wp\/v2\/product_cat?post=1820"},{"taxonomy":"product_tag","embeddable":true,"href":"https:\/\/nacasalud.com\/en\/wp-json\/wp\/v2\/product_tag?post=1820"},{"taxonomy":"offers","embeddable":true,"href":"https:\/\/nacasalud.com\/en\/wp-json\/wp\/v2\/offers?post=1820"}],"curies":[{"name":"wp","href":"https:\/\/api.w.org\/{rel}","templated":true}]}}