{"id":1902,"date":"2024-09-10T21:20:55","date_gmt":"2024-09-10T21:20:55","guid":{"rendered":"https:\/\/nacasalud.com\/?post_type=product&#038;p=1902"},"modified":"2026-03-03T00:28:18","modified_gmt":"2026-03-03T00:28:18","slug":"picolinato-de-chromiun-now-200-mcg-100-capsulas","status":"publish","type":"product","link":"https:\/\/nacasalud.com\/en\/product\/picolinato-de-chromiun-now-200-mcg-100-capsulas\/","title":{"rendered":"Selenio Now 200 mcg 90 Capsulas"},"content":{"rendered":"<p>El Selenio es un suplemento mineral que ofrece beneficios clave para la salud celular, inmunol\u00f3gica y metab\u00f3lica. Aqu\u00ed tienes sus principales aportes:<\/p>\n<p>Acci\u00f3n antioxidante: Ayuda a neutralizar radicales libres, protegiendo las c\u00e9lulas del da\u00f1o oxidativo y contribuyendo al envejecimiento saludable.<\/p>\n<p>Fortalecimiento inmunol\u00f3gico: Estimula la producci\u00f3n de gl\u00f3bulos blancos y mejora la respuesta del sistema inmune frente a infecciones.<\/p>\n<p>Apoyo tiroideo: Participa en la conversi\u00f3n de hormonas tiroideas, favoreciendo el equilibrio metab\u00f3lico y la funci\u00f3n endocrina.<\/p>\n<p>Salud cardiovascular: Contribuye a reducir la oxidaci\u00f3n del colesterol LDL y a prevenir la formaci\u00f3n de placas arteriales.<\/p>\n<p>Prevenci\u00f3n de enfermedades cr\u00f3nicas: Se asocia con menor riesgo de ciertos tipos de c\u00e1ncer, enfermedades neurodegenerativas y trastornos inflamatorios.<\/p>\n<p>Mejora del rendimiento muscular: Protege los m\u00fasculos del estr\u00e9s oxidativo, favorece la recuperaci\u00f3n post-entrenamiento y reduce la fatiga.<\/p>\n<p>Apoyo reproductivo: Puede mejorar la calidad esperm\u00e1tica y favorecer la fertilidad masculina.<\/p>\n<p>Alta tolerancia: Su f\u00f3rmula libre de gluten, soya, lactosa y OMG lo hace apto para personas con sensibilidad alimentaria.<\/p>\n<p><span style=\"font-size: 16px;\">Para mayor informaci\u00f3n verificar el contenido en las etiquetas de las fotos o comunicarse con un EMBAJADOR NACASALUD.<\/span><\/p>","protected":false},"excerpt":{"rendered":"<p>El Selenio es un suplemento mineral que ofrece beneficios clave para la salud celular, inmunol\u00f3gica y metab\u00f3lica. Aqu\u00ed tienes sus principales aportes: Acci\u00f3n antioxidante: Ayuda a neutralizar radicales libres, protegiendo las c\u00e9lulas del da\u00f1o oxidativo y contribuyendo al envejecimiento saludable. Fortalecimiento inmunol\u00f3gico: Estimula la producci\u00f3n de gl\u00f3bulos blancos y mejora la respuesta del sistema inmune &hellip;<\/p>\n<p class=\"read-more\"> <a class=\"\" href=\"https:\/\/nacasalud.com\/en\/product\/picolinato-de-chromiun-now-200-mcg-100-capsulas\/\"> <span class=\"screen-reader-text\">Selenio Now 200 mcg 90 Capsulas<\/span> Read More &raquo;<\/a><\/p>","protected":false},"featured_media":3204,"template":"","meta":{"_acf_changed":false,"site-sidebar-layout":"default","site-content-layout":"","ast-site-content-layout":"default","site-content-style":"default","site-sidebar-style":"default","ast-global-header-display":"","ast-banner-title-visibility":"","ast-main-header-display":"","ast-hfb-above-header-display":"","ast-hfb-below-header-display":"","ast-hfb-mobile-header-display":"","site-post-title":"","ast-breadcrumbs-content":"","ast-featured-img":"","footer-sml-layout":"","theme-transparent-header-meta":"default","adv-header-id-meta":"","stick-header-meta":"","header-above-stick-meta":"","header-main-stick-meta":"","header-below-stick-meta":"","astra-migrate-meta-layouts":"set","ast-page-background-enabled":"default","ast-page-background-meta":{"desktop":{"background-color":"","background-image":"","background-repeat":"repeat","background-position":"center center","background-size":"auto","background-attachment":"scroll","background-type":"","background-media":"","overlay-type":"","overlay-color":"","overlay-gradient":""},"tablet":{"background-color":"","background-image":"","background-repeat":"repeat","background-position":"center center","background-size":"auto","background-attachment":"scroll","background-type":"","background-media":"","overlay-type":"","overlay-color":"","overlay-gradient":""},"mobile":{"background-color":"","background-image":"","background-repeat":"repeat","background-position":"center center","background-size":"auto","background-attachment":"scroll","background-type":"","background-media":"","overlay-type":"","overlay-color":"","overlay-gradient":""}},"ast-content-background-meta":{"desktop":{"background-color":"var(--ast-global-color-5)","background-image":"","background-repeat":"repeat","background-position":"center center","background-size":"auto","background-attachment":"scroll","background-type":"","background-media":"","overlay-type":"","overlay-color":"","overlay-gradient":""},"tablet":{"background-color":"var(--ast-global-color-5)","background-image":"","background-repeat":"repeat","background-position":"center center","background-size":"auto","background-attachment":"scroll","background-type":"","background-media":"","overlay-type":"","overlay-color":"","overlay-gradient":""},"mobile":{"background-color":"var(--ast-global-color-5)","background-image":"","background-repeat":"repeat","background-position":"center center","background-size":"auto","background-attachment":"scroll","background-type":"","background-media":"","overlay-type":"","overlay-color":"","overlay-gradient":""}}},"product_brand":[],"product_cat":[39],"product_tag":[],"offers":[],"class_list":{"0":"post-1902","1":"product","2":"type-product","3":"status-publish","4":"has-post-thumbnail","6":"product_cat-antioxidante","7":"desktop-align-left","8":"tablet-align-left","9":"mobile-align-left","11":"first","12":"instock","13":"taxable","14":"shipping-taxable","15":"purchasable","16":"product-type-simple"},"acf":[],"jetpack_sharing_enabled":true,"_links":{"self":[{"href":"https:\/\/nacasalud.com\/en\/wp-json\/wp\/v2\/product\/1902","targetHints":{"allow":["GET"]}}],"collection":[{"href":"https:\/\/nacasalud.com\/en\/wp-json\/wp\/v2\/product"}],"about":[{"href":"https:\/\/nacasalud.com\/en\/wp-json\/wp\/v2\/types\/product"}],"wp:featuredmedia":[{"embeddable":true,"href":"https:\/\/nacasalud.com\/en\/wp-json\/wp\/v2\/media\/3204"}],"wp:attachment":[{"href":"https:\/\/nacasalud.com\/en\/wp-json\/wp\/v2\/media?parent=1902"}],"wp:term":[{"taxonomy":"product_brand","embeddable":true,"href":"https:\/\/nacasalud.com\/en\/wp-json\/wp\/v2\/product_brand?post=1902"},{"taxonomy":"product_cat","embeddable":true,"href":"https:\/\/nacasalud.com\/en\/wp-json\/wp\/v2\/product_cat?post=1902"},{"taxonomy":"product_tag","embeddable":true,"href":"https:\/\/nacasalud.com\/en\/wp-json\/wp\/v2\/product_tag?post=1902"},{"taxonomy":"offers","embeddable":true,"href":"https:\/\/nacasalud.com\/en\/wp-json\/wp\/v2\/offers?post=1902"}],"curies":[{"name":"wp","href":"https:\/\/api.w.org\/{rel}","templated":true}]}}