{"id":1916,"date":"2024-09-11T14:47:51","date_gmt":"2024-09-11T14:47:51","guid":{"rendered":"https:\/\/nacasalud.com\/?post_type=product&#038;p=1916"},"modified":"2026-02-21T05:17:37","modified_gmt":"2026-02-21T05:17:37","slug":"gotu-kola-now-450-mg-100-capsulas-centella-asiatica","status":"publish","type":"product","link":"https:\/\/nacasalud.com\/en\/product\/gotu-kola-now-450-mg-100-capsulas-centella-asiatica\/","title":{"rendered":"Gotu Kola Now 450 mg 100 Capsulas Centella Asi\u00e1tica"},"content":{"rendered":"<p>La Gotu Kola, tambi\u00e9n conocida como Centella Asi\u00e1tica, es una planta herb\u00e1cea utilizada tradicionalmente en la medicina ayurv\u00e9dica y oriental por sus m\u00faltiples beneficios terap\u00e9uticos. Su perfil se caracteriza por los siguientes aspectos:<\/p>\n<p>Descripci\u00f3n general<br \/>\nNombre cient\u00edfico: Centella asiatica<\/p>\n<p>Familia: Apiaceae<\/p>\n<p>Origen: Asia tropical, especialmente India, Sri Lanka y China<\/p>\n<p>Parte utilizada: Hojas y extractos estandarizados<\/p>\n<p>Propiedades destacadas<br \/>\nEstimula la producci\u00f3n de col\u00e1geno, lo que favorece la salud de la piel, tejidos conectivos y vasos sangu\u00edneos<\/p>\n<p>Promueve la circulaci\u00f3n sangu\u00ednea perif\u00e9rica, especialmente \u00fatil en casos de insuficiencia venosa o piernas cansadas<\/p>\n<p>Apoya procesos de memoria y concentraci\u00f3n gracias a su acci\u00f3n sobre la microcirculaci\u00f3n cerebral<\/p>\n<p>Favorece la cicatrizaci\u00f3n de heridas y quemaduras por sus compuestos triterp\u00e9nicos como el asiatic\u00f3sido<\/p>\n<p>Puede tener efectos calmantes, siendo \u00fatil en episodios de ansiedad leve o estr\u00e9s<\/p>\n<p>Composici\u00f3n activa<br \/>\nTriterpenos (asiatic\u00f3sido, madecass\u00f3sido)<\/p>\n<p>Flavonoides<\/p>\n<p>Taninos<\/p>\n<p>Fitosteroles<\/p>\n<p>Clasificaci\u00f3n en suplementos<br \/>\nCategor\u00eda: Herbal<\/p>\n<p>Funci\u00f3n principal: Nutricional \/ Circulatoria \/ Cognitiva<\/p>\n<p>Hecho en USA<\/p>\n<p>Certificados GMP, Non GMP, Libre de Gluten, Soya, Lactosa.<\/p>\n<p>Para mayor informaci\u00f3n verificar el contenido en las etiquetas de las fotos o comunicarse con un agente NACASALUD.<\/p>","protected":false},"excerpt":{"rendered":"<p>Gotu Kola Now 450 mg 100 Capsulas Centella Asi\u00e1tica<\/p>","protected":false},"featured_media":1917,"template":"","meta":{"_acf_changed":false,"site-sidebar-layout":"default","site-content-layout":"","ast-site-content-layout":"default","site-content-style":"default","site-sidebar-style":"default","ast-global-header-display":"","ast-banner-title-visibility":"","ast-main-header-display":"","ast-hfb-above-header-display":"","ast-hfb-below-header-display":"","ast-hfb-mobile-header-display":"","site-post-title":"","ast-breadcrumbs-content":"","ast-featured-img":"","footer-sml-layout":"","theme-transparent-header-meta":"default","adv-header-id-meta":"","stick-header-meta":"","header-above-stick-meta":"","header-main-stick-meta":"","header-below-stick-meta":"","astra-migrate-meta-layouts":"set","ast-page-background-enabled":"default","ast-page-background-meta":{"desktop":{"background-color":"","background-image":"","background-repeat":"repeat","background-position":"center center","background-size":"auto","background-attachment":"scroll","background-type":"","background-media":"","overlay-type":"","overlay-color":"","overlay-gradient":""},"tablet":{"background-color":"","background-image":"","background-repeat":"repeat","background-position":"center center","background-size":"auto","background-attachment":"scroll","background-type":"","background-media":"","overlay-type":"","overlay-color":"","overlay-gradient":""},"mobile":{"background-color":"","background-image":"","background-repeat":"repeat","background-position":"center center","background-size":"auto","background-attachment":"scroll","background-type":"","background-media":"","overlay-type":"","overlay-color":"","overlay-gradient":""}},"ast-content-background-meta":{"desktop":{"background-color":"var(--ast-global-color-5)","background-image":"","background-repeat":"repeat","background-position":"center center","background-size":"auto","background-attachment":"scroll","background-type":"","background-media":"","overlay-type":"","overlay-color":"","overlay-gradient":""},"tablet":{"background-color":"var(--ast-global-color-5)","background-image":"","background-repeat":"repeat","background-position":"center center","background-size":"auto","background-attachment":"scroll","background-type":"","background-media":"","overlay-type":"","overlay-color":"","overlay-gradient":""},"mobile":{"background-color":"var(--ast-global-color-5)","background-image":"","background-repeat":"repeat","background-position":"center center","background-size":"auto","background-attachment":"scroll","background-type":"","background-media":"","overlay-type":"","overlay-color":"","overlay-gradient":""}}},"product_brand":[],"product_cat":[41],"product_tag":[],"offers":[],"class_list":{"0":"post-1916","1":"product","2":"type-product","3":"status-publish","4":"has-post-thumbnail","6":"product_cat-infecciones","7":"desktop-align-left","8":"tablet-align-left","9":"mobile-align-left","11":"first","12":"instock","13":"taxable","14":"shipping-taxable","15":"purchasable","16":"product-type-simple"},"acf":[],"jetpack_sharing_enabled":true,"_links":{"self":[{"href":"https:\/\/nacasalud.com\/en\/wp-json\/wp\/v2\/product\/1916","targetHints":{"allow":["GET"]}}],"collection":[{"href":"https:\/\/nacasalud.com\/en\/wp-json\/wp\/v2\/product"}],"about":[{"href":"https:\/\/nacasalud.com\/en\/wp-json\/wp\/v2\/types\/product"}],"wp:featuredmedia":[{"embeddable":true,"href":"https:\/\/nacasalud.com\/en\/wp-json\/wp\/v2\/media\/1917"}],"wp:attachment":[{"href":"https:\/\/nacasalud.com\/en\/wp-json\/wp\/v2\/media?parent=1916"}],"wp:term":[{"taxonomy":"product_brand","embeddable":true,"href":"https:\/\/nacasalud.com\/en\/wp-json\/wp\/v2\/product_brand?post=1916"},{"taxonomy":"product_cat","embeddable":true,"href":"https:\/\/nacasalud.com\/en\/wp-json\/wp\/v2\/product_cat?post=1916"},{"taxonomy":"product_tag","embeddable":true,"href":"https:\/\/nacasalud.com\/en\/wp-json\/wp\/v2\/product_tag?post=1916"},{"taxonomy":"offers","embeddable":true,"href":"https:\/\/nacasalud.com\/en\/wp-json\/wp\/v2\/offers?post=1916"}],"curies":[{"name":"wp","href":"https:\/\/api.w.org\/{rel}","templated":true}]}}