{"id":1920,"date":"2024-09-11T14:59:35","date_gmt":"2024-09-11T14:59:35","guid":{"rendered":"https:\/\/nacasalud.com\/?post_type=product&#038;p=1920"},"modified":"2026-04-13T00:17:26","modified_gmt":"2026-04-13T00:17:26","slug":"gluconato-de-zinc-now-50-mg-100-tabletas","status":"publish","type":"product","link":"https:\/\/nacasalud.com\/en\/product\/gluconato-de-zinc-now-50-mg-100-tabletas\/","title":{"rendered":"Gluconato de Zinc Now 50 mg 100 Tabletas"},"content":{"rendered":"<h3>\ud83c\udf1f Beneficios del gluconato de zinc<\/h3>\n<h4>\ud83d\udee1\ufe0f 1. Refuerzo del sistema inmunol\u00f3gico<\/h4>\n<ul>\n<li>Estimula la producci\u00f3n de c\u00e9lulas inmunitarias como linfocitos y macr\u00f3fagos.<\/li>\n<li>Ayuda a combatir infecciones virales y bacterianas.<\/li>\n<\/ul>\n<h4 class=\"text-base-strong\">\ud83e\uddd6\u200d\u2640\ufe0f 2. Salud de la piel<\/h4>\n<ul>\n<li>Regula la producci\u00f3n de sebo, lo que lo hace \u00fatil en el tratamiento del <strong>acn\u00e9<\/strong> y la <strong>dermatitis<\/strong>.<\/li>\n<li class=\"ps-2\">Promueve la <strong>cicatrizaci\u00f3n de heridas<\/strong> y la regeneraci\u00f3n de tejidos.<\/li>\n<\/ul>\n<h4 class=\"text-base-strong\">\ud83e\udde0 3. Estado de \u00e1nimo y salud mental<\/h4>\n<ul>\n<li>Puede ayudar a <strong>regular el estado de \u00e1nimo<\/strong>, especialmente en personas con deficiencia de zinc.<\/li>\n<li class=\"ps-2\">Influye en la producci\u00f3n de neurotransmisores y en el metabolismo de la vitamina B.<\/li>\n<\/ul>\n<h4>\ud83d\udcaa 4. Salud sexual y hormonal<\/h4>\n<ul>\n<li>Participa en la producci\u00f3n de <strong>testosterona<\/strong>, lo que puede mejorar la salud reproductiva y el bienestar emocional.<\/li>\n<\/ul>\n<h4 class=\"text-base-strong\">\ud83d\udd2c 5. Funci\u00f3n antioxidante<\/h4>\n<ul>\n<li>Neutraliza los <strong>radicales libres<\/strong>, protegiendo las c\u00e9lulas del da\u00f1o oxidativo.<\/li>\n<li class=\"ps-2\">Apoya la formaci\u00f3n de nuevas prote\u00ednas y la renovaci\u00f3n celular.<\/li>\n<\/ul>\n<h4>\ud83e\udda0 6. Apoyo gastrointestinal<\/h4>\n<ul>\n<li>Se usa en el tratamiento de <strong>diarreas<\/strong> y <strong>\u00falceras<\/strong>, gracias a su acci\u00f3n antiinflamatoria<\/li>\n<\/ul>\n<p>Certificados GMP, Non GMP, Libre de Gluten, Soya, Lactosa.<\/p>\n<p>Para mayor informaci\u00f3n verificar el contenido en las etiquetas de las fotos o comunicarse con un EMBAJADOR DE NACASALUD.<\/p>","protected":false},"excerpt":{"rendered":"<p>Gluconato de Zinc Now 50 mg 100 Tabletas<\/p>","protected":false},"featured_media":1921,"template":"","meta":{"_acf_changed":false,"site-sidebar-layout":"default","site-content-layout":"","ast-site-content-layout":"default","site-content-style":"default","site-sidebar-style":"default","ast-global-header-display":"","ast-banner-title-visibility":"","ast-main-header-display":"","ast-hfb-above-header-display":"","ast-hfb-below-header-display":"","ast-hfb-mobile-header-display":"","site-post-title":"","ast-breadcrumbs-content":"","ast-featured-img":"","footer-sml-layout":"","theme-transparent-header-meta":"default","adv-header-id-meta":"","stick-header-meta":"","header-above-stick-meta":"","header-main-stick-meta":"","header-below-stick-meta":"","astra-migrate-meta-layouts":"set","ast-page-background-enabled":"default","ast-page-background-meta":{"desktop":{"background-color":"","background-image":"","background-repeat":"repeat","background-position":"center center","background-size":"auto","background-attachment":"scroll","background-type":"","background-media":"","overlay-type":"","overlay-color":"","overlay-gradient":""},"tablet":{"background-color":"","background-image":"","background-repeat":"repeat","background-position":"center center","background-size":"auto","background-attachment":"scroll","background-type":"","background-media":"","overlay-type":"","overlay-color":"","overlay-gradient":""},"mobile":{"background-color":"","background-image":"","background-repeat":"repeat","background-position":"center center","background-size":"auto","background-attachment":"scroll","background-type":"","background-media":"","overlay-type":"","overlay-color":"","overlay-gradient":""}},"ast-content-background-meta":{"desktop":{"background-color":"var(--ast-global-color-5)","background-image":"","background-repeat":"repeat","background-position":"center center","background-size":"auto","background-attachment":"scroll","background-type":"","background-media":"","overlay-type":"","overlay-color":"","overlay-gradient":""},"tablet":{"background-color":"var(--ast-global-color-5)","background-image":"","background-repeat":"repeat","background-position":"center center","background-size":"auto","background-attachment":"scroll","background-type":"","background-media":"","overlay-type":"","overlay-color":"","overlay-gradient":""},"mobile":{"background-color":"var(--ast-global-color-5)","background-image":"","background-repeat":"repeat","background-position":"center center","background-size":"auto","background-attachment":"scroll","background-type":"","background-media":"","overlay-type":"","overlay-color":"","overlay-gradient":""}}},"product_brand":[],"product_cat":[39],"product_tag":[],"offers":[],"class_list":{"0":"post-1920","1":"product","2":"type-product","3":"status-publish","4":"has-post-thumbnail","6":"product_cat-antioxidante","7":"desktop-align-left","8":"tablet-align-left","9":"mobile-align-left","11":"first","12":"instock","13":"taxable","14":"shipping-taxable","15":"purchasable","16":"product-type-simple"},"acf":[],"jetpack_sharing_enabled":true,"_links":{"self":[{"href":"https:\/\/nacasalud.com\/en\/wp-json\/wp\/v2\/product\/1920","targetHints":{"allow":["GET"]}}],"collection":[{"href":"https:\/\/nacasalud.com\/en\/wp-json\/wp\/v2\/product"}],"about":[{"href":"https:\/\/nacasalud.com\/en\/wp-json\/wp\/v2\/types\/product"}],"wp:featuredmedia":[{"embeddable":true,"href":"https:\/\/nacasalud.com\/en\/wp-json\/wp\/v2\/media\/1921"}],"wp:attachment":[{"href":"https:\/\/nacasalud.com\/en\/wp-json\/wp\/v2\/media?parent=1920"}],"wp:term":[{"taxonomy":"product_brand","embeddable":true,"href":"https:\/\/nacasalud.com\/en\/wp-json\/wp\/v2\/product_brand?post=1920"},{"taxonomy":"product_cat","embeddable":true,"href":"https:\/\/nacasalud.com\/en\/wp-json\/wp\/v2\/product_cat?post=1920"},{"taxonomy":"product_tag","embeddable":true,"href":"https:\/\/nacasalud.com\/en\/wp-json\/wp\/v2\/product_tag?post=1920"},{"taxonomy":"offers","embeddable":true,"href":"https:\/\/nacasalud.com\/en\/wp-json\/wp\/v2\/offers?post=1920"}],"curies":[{"name":"wp","href":"https:\/\/api.w.org\/{rel}","templated":true}]}}