{"id":2062,"date":"2024-11-30T20:44:56","date_gmt":"2024-11-30T20:44:56","guid":{"rendered":"https:\/\/nacasalud.com\/?post_type=product&#038;p=2062"},"modified":"2026-03-07T21:10:56","modified_gmt":"2026-03-07T21:10:56","slug":"clorito-de-sodio-cds-dioxido-de-cloro-clo2-500ml","status":"publish","type":"product","link":"https:\/\/nacasalud.com\/en\/product\/clorito-de-sodio-cds-dioxido-de-cloro-clo2-500ml\/","title":{"rendered":"Clorito de Sodio CDS Dioxido de Cloro ClO2 Emunah for Life 500ml"},"content":{"rendered":"<h6 class=\"_ap3a _aaco _aacu _aacx _aad7 _aade\" dir=\"auto\">\u00bfSab\u00edas que el cds es un poderoso desinfectante natural que elimina virus oxigenando tus c\u00e9lulas? \ud83e\udda0<\/h6>\n<p>La energ\u00eda de las c\u00e9lulas de nuestro cuerpo se crea en la mitocondria, las cuales son responsables de mantener nuestro cuerpo saludable y evitar enfermedades, el CDS, env\u00eda directamente ox\u00edgeno a estas c\u00e9lulas, ya que sin este, no podr\u00edan realizar su funci\u00f3n correctamente.<\/p>\n<p>Adem\u00e1s, el cds tiene m\u00faltiples beneficios para tu salud, como mejorar tu sistema inmunol\u00f3gico, prevenir infecciones, aliviar alergias y mucho m\u00e1s.\ud83c\udf3f<\/p>","protected":false},"excerpt":{"rendered":"<p>\u00bfSab\u00edas que el cds es un poderoso desinfectante natural que elimina virus oxigenando tus c\u00e9lulas? \ud83e\udda0 La energ\u00eda de las c\u00e9lulas de nuestro cuerpo se crea en la mitocondria, las cuales son responsables de mantener nuestro cuerpo saludable y evitar enfermedades, el CDS, env\u00eda directamente ox\u00edgeno a estas c\u00e9lulas, ya que sin este, no podr\u00edan &hellip;<\/p>\n<p class=\"read-more\"> <a class=\"\" href=\"https:\/\/nacasalud.com\/en\/product\/clorito-de-sodio-cds-dioxido-de-cloro-clo2-500ml\/\"> <span class=\"screen-reader-text\">Clorito de Sodio CDS Dioxido de Cloro ClO2 Emunah for Life 500ml<\/span> Read More &raquo;<\/a><\/p>","protected":false},"featured_media":2109,"template":"","meta":{"_acf_changed":false,"site-sidebar-layout":"default","site-content-layout":"","ast-site-content-layout":"default","site-content-style":"default","site-sidebar-style":"default","ast-global-header-display":"","ast-banner-title-visibility":"","ast-main-header-display":"","ast-hfb-above-header-display":"","ast-hfb-below-header-display":"","ast-hfb-mobile-header-display":"","site-post-title":"","ast-breadcrumbs-content":"","ast-featured-img":"","footer-sml-layout":"","theme-transparent-header-meta":"default","adv-header-id-meta":"","stick-header-meta":"","header-above-stick-meta":"","header-main-stick-meta":"","header-below-stick-meta":"","astra-migrate-meta-layouts":"set","ast-page-background-enabled":"default","ast-page-background-meta":{"desktop":{"background-color":"","background-image":"","background-repeat":"repeat","background-position":"center center","background-size":"auto","background-attachment":"scroll","background-type":"","background-media":"","overlay-type":"","overlay-color":"","overlay-gradient":""},"tablet":{"background-color":"","background-image":"","background-repeat":"repeat","background-position":"center center","background-size":"auto","background-attachment":"scroll","background-type":"","background-media":"","overlay-type":"","overlay-color":"","overlay-gradient":""},"mobile":{"background-color":"","background-image":"","background-repeat":"repeat","background-position":"center center","background-size":"auto","background-attachment":"scroll","background-type":"","background-media":"","overlay-type":"","overlay-color":"","overlay-gradient":""}},"ast-content-background-meta":{"desktop":{"background-color":"var(--ast-global-color-5)","background-image":"","background-repeat":"repeat","background-position":"center center","background-size":"auto","background-attachment":"scroll","background-type":"","background-media":"","overlay-type":"","overlay-color":"","overlay-gradient":""},"tablet":{"background-color":"var(--ast-global-color-5)","background-image":"","background-repeat":"repeat","background-position":"center center","background-size":"auto","background-attachment":"scroll","background-type":"","background-media":"","overlay-type":"","overlay-color":"","overlay-gradient":""},"mobile":{"background-color":"var(--ast-global-color-5)","background-image":"","background-repeat":"repeat","background-position":"center center","background-size":"auto","background-attachment":"scroll","background-type":"","background-media":"","overlay-type":"","overlay-color":"","overlay-gradient":""}}},"product_brand":[],"product_cat":[44],"product_tag":[],"offers":[],"class_list":{"0":"post-2062","1":"product","2":"type-product","3":"status-publish","4":"has-post-thumbnail","6":"product_cat-antiflamatorio","7":"desktop-align-left","8":"tablet-align-left","9":"mobile-align-left","11":"first","12":"outofstock","13":"taxable","14":"shipping-taxable","15":"purchasable","16":"product-type-simple"},"acf":[],"jetpack_sharing_enabled":true,"_links":{"self":[{"href":"https:\/\/nacasalud.com\/en\/wp-json\/wp\/v2\/product\/2062","targetHints":{"allow":["GET"]}}],"collection":[{"href":"https:\/\/nacasalud.com\/en\/wp-json\/wp\/v2\/product"}],"about":[{"href":"https:\/\/nacasalud.com\/en\/wp-json\/wp\/v2\/types\/product"}],"wp:featuredmedia":[{"embeddable":true,"href":"https:\/\/nacasalud.com\/en\/wp-json\/wp\/v2\/media\/2109"}],"wp:attachment":[{"href":"https:\/\/nacasalud.com\/en\/wp-json\/wp\/v2\/media?parent=2062"}],"wp:term":[{"taxonomy":"product_brand","embeddable":true,"href":"https:\/\/nacasalud.com\/en\/wp-json\/wp\/v2\/product_brand?post=2062"},{"taxonomy":"product_cat","embeddable":true,"href":"https:\/\/nacasalud.com\/en\/wp-json\/wp\/v2\/product_cat?post=2062"},{"taxonomy":"product_tag","embeddable":true,"href":"https:\/\/nacasalud.com\/en\/wp-json\/wp\/v2\/product_tag?post=2062"},{"taxonomy":"offers","embeddable":true,"href":"https:\/\/nacasalud.com\/en\/wp-json\/wp\/v2\/offers?post=2062"}],"curies":[{"name":"wp","href":"https:\/\/api.w.org\/{rel}","templated":true}]}}