{"id":2216,"date":"2025-02-01T22:47:25","date_gmt":"2025-02-01T22:47:25","guid":{"rendered":"https:\/\/nacasalud.com\/?post_type=product&#038;p=2216"},"modified":"2026-03-10T00:36:23","modified_gmt":"2026-03-10T00:36:23","slug":"citrato-de-magnesio-vitamatic-500-mg-180-capsulas-magnesium-citrate","status":"publish","type":"product","link":"https:\/\/nacasalud.com\/en\/product\/citrato-de-magnesio-vitamatic-500-mg-180-capsulas-magnesium-citrate\/","title":{"rendered":"Citrato de Magnesio Vitamatic 500 mg 180 Capsulas \/ Magnesium Citrate"},"content":{"rendered":"<p>El citrato de magnesio es una forma altamente absorbible de magnesio con m\u00faltiples beneficios para la salud:<\/p>\n<ol>\n<li><strong>Mejora la funci\u00f3n muscular y nerviosa<\/strong> \u2013 Ayuda en la contracci\u00f3n muscular y la transmisi\u00f3n nerviosa, previniendo calambres y espasmos.<\/li>\n<li><strong>Favorece la relajaci\u00f3n y el sue\u00f1o<\/strong> \u2013 Regula el sistema nervioso, ayudando a reducir el estr\u00e9s y mejorar la calidad del sue\u00f1o.<\/li>\n<li><strong>Regula el tr\u00e1nsito intestinal<\/strong> \u2013 Tiene un efecto laxante suave que alivia el estre\u00f1imiento.<\/li>\n<li><strong>Apoya la salud \u00f3sea<\/strong> \u2013 Es esencial para la absorci\u00f3n del calcio y la formaci\u00f3n de huesos fuertes.<\/li>\n<li><strong>Contribuye a la salud cardiovascular<\/strong> \u2013 Ayuda a regular la presi\u00f3n arterial y el ritmo card\u00edaco.<\/li>\n<li><strong>Favorece la producci\u00f3n de energ\u00eda<\/strong> \u2013 Participa en m\u00e1s de 300 reacciones enzim\u00e1ticas del cuerpo.<\/li>\n<\/ol>\n<p>PRODUCTO HECHO EN USA.<\/p>\n<p>Para incrementar y optimizar los beneficios en su salud consulte un Health Coach, coordinando una cita en las instalaciones de NACASALUD mediante el 0426-542-61-42.<\/p>","protected":false},"excerpt":{"rendered":"<p>El citrato de magnesio es una forma altamente absorbible de magnesio con m\u00faltiples beneficios para la salud: Mejora la funci\u00f3n muscular y nerviosa \u2013 Ayuda en la contracci\u00f3n muscular y la transmisi\u00f3n nerviosa, previniendo calambres y espasmos. Favorece la relajaci\u00f3n y el sue\u00f1o \u2013 Regula el sistema nervioso, ayudando a reducir el estr\u00e9s y mejorar &hellip;<\/p>\n<p class=\"read-more\"> <a class=\"\" href=\"https:\/\/nacasalud.com\/en\/product\/citrato-de-magnesio-vitamatic-500-mg-180-capsulas-magnesium-citrate\/\"> <span class=\"screen-reader-text\">Citrato de Magnesio Vitamatic 500 mg 180 Capsulas \/ Magnesium Citrate<\/span> Read More &raquo;<\/a><\/p>","protected":false},"featured_media":2221,"template":"","meta":{"_acf_changed":false,"site-sidebar-layout":"default","site-content-layout":"","ast-site-content-layout":"default","site-content-style":"default","site-sidebar-style":"default","ast-global-header-display":"","ast-banner-title-visibility":"","ast-main-header-display":"","ast-hfb-above-header-display":"","ast-hfb-below-header-display":"","ast-hfb-mobile-header-display":"","site-post-title":"","ast-breadcrumbs-content":"","ast-featured-img":"","footer-sml-layout":"","theme-transparent-header-meta":"default","adv-header-id-meta":"","stick-header-meta":"","header-above-stick-meta":"","header-main-stick-meta":"","header-below-stick-meta":"","astra-migrate-meta-layouts":"set","ast-page-background-enabled":"default","ast-page-background-meta":{"desktop":{"background-color":"","background-image":"","background-repeat":"repeat","background-position":"center center","background-size":"auto","background-attachment":"scroll","background-type":"","background-media":"","overlay-type":"","overlay-color":"","overlay-gradient":""},"tablet":{"background-color":"","background-image":"","background-repeat":"repeat","background-position":"center center","background-size":"auto","background-attachment":"scroll","background-type":"","background-media":"","overlay-type":"","overlay-color":"","overlay-gradient":""},"mobile":{"background-color":"","background-image":"","background-repeat":"repeat","background-position":"center center","background-size":"auto","background-attachment":"scroll","background-type":"","background-media":"","overlay-type":"","overlay-color":"","overlay-gradient":""}},"ast-content-background-meta":{"desktop":{"background-color":"var(--ast-global-color-5)","background-image":"","background-repeat":"repeat","background-position":"center center","background-size":"auto","background-attachment":"scroll","background-type":"","background-media":"","overlay-type":"","overlay-color":"","overlay-gradient":""},"tablet":{"background-color":"var(--ast-global-color-5)","background-image":"","background-repeat":"repeat","background-position":"center center","background-size":"auto","background-attachment":"scroll","background-type":"","background-media":"","overlay-type":"","overlay-color":"","overlay-gradient":""},"mobile":{"background-color":"var(--ast-global-color-5)","background-image":"","background-repeat":"repeat","background-position":"center center","background-size":"auto","background-attachment":"scroll","background-type":"","background-media":"","overlay-type":"","overlay-color":"","overlay-gradient":""}}},"product_brand":[],"product_cat":[31],"product_tag":[],"offers":[],"class_list":{"0":"post-2216","1":"product","2":"type-product","3":"status-publish","4":"has-post-thumbnail","6":"product_cat-huesos","7":"desktop-align-left","8":"tablet-align-left","9":"mobile-align-left","11":"first","12":"outofstock","13":"taxable","14":"shipping-taxable","15":"purchasable","16":"product-type-simple"},"acf":[],"jetpack_sharing_enabled":true,"_links":{"self":[{"href":"https:\/\/nacasalud.com\/en\/wp-json\/wp\/v2\/product\/2216","targetHints":{"allow":["GET"]}}],"collection":[{"href":"https:\/\/nacasalud.com\/en\/wp-json\/wp\/v2\/product"}],"about":[{"href":"https:\/\/nacasalud.com\/en\/wp-json\/wp\/v2\/types\/product"}],"wp:featuredmedia":[{"embeddable":true,"href":"https:\/\/nacasalud.com\/en\/wp-json\/wp\/v2\/media\/2221"}],"wp:attachment":[{"href":"https:\/\/nacasalud.com\/en\/wp-json\/wp\/v2\/media?parent=2216"}],"wp:term":[{"taxonomy":"product_brand","embeddable":true,"href":"https:\/\/nacasalud.com\/en\/wp-json\/wp\/v2\/product_brand?post=2216"},{"taxonomy":"product_cat","embeddable":true,"href":"https:\/\/nacasalud.com\/en\/wp-json\/wp\/v2\/product_cat?post=2216"},{"taxonomy":"product_tag","embeddable":true,"href":"https:\/\/nacasalud.com\/en\/wp-json\/wp\/v2\/product_tag?post=2216"},{"taxonomy":"offers","embeddable":true,"href":"https:\/\/nacasalud.com\/en\/wp-json\/wp\/v2\/offers?post=2216"}],"curies":[{"name":"wp","href":"https:\/\/api.w.org\/{rel}","templated":true}]}}