{"id":2222,"date":"2025-02-01T23:12:25","date_gmt":"2025-02-01T23:12:25","guid":{"rendered":"https:\/\/nacasalud.com\/?post_type=product&#038;p=2222"},"modified":"2026-02-21T05:07:53","modified_gmt":"2026-02-21T05:07:53","slug":"gluconato-de-potasio-horbaach-99-mg-300-capsulas-potassium-gluconate","status":"publish","type":"product","link":"https:\/\/nacasalud.com\/en\/product\/gluconato-de-potasio-horbaach-99-mg-300-capsulas-potassium-gluconate\/","title":{"rendered":"Gluconato de Potasio Horbaach 99 mg 300 capsulas \/ Potassium Gluconate"},"content":{"rendered":"<p>El gluconato de potasio es una forma de potasio que se absorbe bien y ayuda en:<\/p>\n<ol>\n<li><strong>Regulaci\u00f3n de la presi\u00f3n arterial<\/strong> \u2013 Ayuda a contrarrestar los efectos del sodio y mantener la presi\u00f3n arterial equilibrada.<\/li>\n<li><strong>Funci\u00f3n muscular y nerviosa<\/strong> \u2013 Es esencial para la contracci\u00f3n muscular y la transmisi\u00f3n de impulsos nerviosos.<\/li>\n<li><strong>Equilibrio de l\u00edquidos y electrolitos<\/strong> \u2013 Evita la deshidrataci\u00f3n y mantiene la homeostasis celular.<\/li>\n<li><strong>Prevenci\u00f3n de calambres musculares<\/strong> \u2013 Especialmente \u00fatil para deportistas y personas con deficiencias de potasio.<\/li>\n<li><strong>Salud cardiovascular<\/strong> \u2013 Contribuye al mantenimiento del ritmo card\u00edaco y reduce el riesgo de enfermedades card\u00edacas.<\/li>\n<li><strong>Metabolismo y producci\u00f3n de energ\u00eda<\/strong> \u2013 Participa en la conversi\u00f3n de carbohidratos en energ\u00eda.<\/li>\n<\/ol>\n<p>PRODUCTO HECHO EN USA.<\/p>\n<p>Para incrementar y optimizar los beneficios en su salud consulte un Health Coach, coordinando una cita en las instalaciones de NACASALUD mediante el 0426-542-61-42.<\/p>","protected":false},"excerpt":{"rendered":"<p>El gluconato de potasio es una forma de potasio que se absorbe bien y ayuda en: Regulaci\u00f3n de la presi\u00f3n arterial \u2013 Ayuda a contrarrestar los efectos del sodio y mantener la presi\u00f3n arterial equilibrada. Funci\u00f3n muscular y nerviosa \u2013 Es esencial para la contracci\u00f3n muscular y la transmisi\u00f3n de impulsos nerviosos. Equilibrio de l\u00edquidos &hellip;<\/p>\n<p class=\"read-more\"> <a class=\"\" href=\"https:\/\/nacasalud.com\/en\/product\/gluconato-de-potasio-horbaach-99-mg-300-capsulas-potassium-gluconate\/\"> <span class=\"screen-reader-text\">Gluconato de Potasio Horbaach 99 mg 300 capsulas \/ Potassium Gluconate<\/span> Read More &raquo;<\/a><\/p>","protected":false},"featured_media":2223,"template":"","meta":{"_acf_changed":false,"site-sidebar-layout":"default","site-content-layout":"","ast-site-content-layout":"default","site-content-style":"default","site-sidebar-style":"default","ast-global-header-display":"","ast-banner-title-visibility":"","ast-main-header-display":"","ast-hfb-above-header-display":"","ast-hfb-below-header-display":"","ast-hfb-mobile-header-display":"","site-post-title":"","ast-breadcrumbs-content":"","ast-featured-img":"","footer-sml-layout":"","theme-transparent-header-meta":"default","adv-header-id-meta":"","stick-header-meta":"","header-above-stick-meta":"","header-main-stick-meta":"","header-below-stick-meta":"","astra-migrate-meta-layouts":"set","ast-page-background-enabled":"default","ast-page-background-meta":{"desktop":{"background-color":"","background-image":"","background-repeat":"repeat","background-position":"center center","background-size":"auto","background-attachment":"scroll","background-type":"","background-media":"","overlay-type":"","overlay-color":"","overlay-gradient":""},"tablet":{"background-color":"","background-image":"","background-repeat":"repeat","background-position":"center center","background-size":"auto","background-attachment":"scroll","background-type":"","background-media":"","overlay-type":"","overlay-color":"","overlay-gradient":""},"mobile":{"background-color":"","background-image":"","background-repeat":"repeat","background-position":"center center","background-size":"auto","background-attachment":"scroll","background-type":"","background-media":"","overlay-type":"","overlay-color":"","overlay-gradient":""}},"ast-content-background-meta":{"desktop":{"background-color":"var(--ast-global-color-5)","background-image":"","background-repeat":"repeat","background-position":"center center","background-size":"auto","background-attachment":"scroll","background-type":"","background-media":"","overlay-type":"","overlay-color":"","overlay-gradient":""},"tablet":{"background-color":"var(--ast-global-color-5)","background-image":"","background-repeat":"repeat","background-position":"center center","background-size":"auto","background-attachment":"scroll","background-type":"","background-media":"","overlay-type":"","overlay-color":"","overlay-gradient":""},"mobile":{"background-color":"var(--ast-global-color-5)","background-image":"","background-repeat":"repeat","background-position":"center center","background-size":"auto","background-attachment":"scroll","background-type":"","background-media":"","overlay-type":"","overlay-color":"","overlay-gradient":""}}},"product_brand":[],"product_cat":[33],"product_tag":[],"offers":[],"class_list":{"0":"post-2222","1":"product","2":"type-product","3":"status-publish","4":"has-post-thumbnail","6":"product_cat-corazon","7":"desktop-align-left","8":"tablet-align-left","9":"mobile-align-left","11":"first","12":"outofstock","13":"taxable","14":"shipping-taxable","15":"purchasable","16":"product-type-simple"},"acf":[],"jetpack_sharing_enabled":true,"_links":{"self":[{"href":"https:\/\/nacasalud.com\/en\/wp-json\/wp\/v2\/product\/2222","targetHints":{"allow":["GET"]}}],"collection":[{"href":"https:\/\/nacasalud.com\/en\/wp-json\/wp\/v2\/product"}],"about":[{"href":"https:\/\/nacasalud.com\/en\/wp-json\/wp\/v2\/types\/product"}],"wp:featuredmedia":[{"embeddable":true,"href":"https:\/\/nacasalud.com\/en\/wp-json\/wp\/v2\/media\/2223"}],"wp:attachment":[{"href":"https:\/\/nacasalud.com\/en\/wp-json\/wp\/v2\/media?parent=2222"}],"wp:term":[{"taxonomy":"product_brand","embeddable":true,"href":"https:\/\/nacasalud.com\/en\/wp-json\/wp\/v2\/product_brand?post=2222"},{"taxonomy":"product_cat","embeddable":true,"href":"https:\/\/nacasalud.com\/en\/wp-json\/wp\/v2\/product_cat?post=2222"},{"taxonomy":"product_tag","embeddable":true,"href":"https:\/\/nacasalud.com\/en\/wp-json\/wp\/v2\/product_tag?post=2222"},{"taxonomy":"offers","embeddable":true,"href":"https:\/\/nacasalud.com\/en\/wp-json\/wp\/v2\/offers?post=2222"}],"curies":[{"name":"wp","href":"https:\/\/api.w.org\/{rel}","templated":true}]}}