{"id":2718,"date":"2025-08-13T04:11:30","date_gmt":"2025-08-13T04:11:30","guid":{"rendered":"https:\/\/nacasalud.com\/?post_type=product&#038;p=2718"},"modified":"2026-02-17T02:52:39","modified_gmt":"2026-02-17T02:52:39","slug":"consulta-privada-coach-de-nutricion-y-salud","status":"publish","type":"product","link":"https:\/\/nacasalud.com\/en\/product\/consulta-privada-coach-de-nutricion-y-salud\/","title":{"rendered":"Consulta Privada Coach de Nutrici\u00f3n y Salud \/ MSc Jesus Antonio Perez"},"content":{"rendered":"<h2 data-start=\"104\" data-end=\"272\"><strong data-start=\"107\" data-end=\"137\">\u00a0MSc Jes\u00fas Antonio P\u00e9rez<\/strong><\/h2>\n<h3 data-start=\"104\" data-end=\"272\"><strong data-start=\"107\" data-end=\"137\"> Coach de Nutrici\u00f3n y Salud<\/strong><\/h3>\n<p>&nbsp;<\/p>\n<h4>\ud83d\udca1 <strong data-start=\"424\" data-end=\"445\">\u00c1reas de Trabajo:<\/strong><br data-start=\"445\" data-end=\"448\" \/>\ud83e\udd57 Nutrici\u00f3n integral y funcional<br data-start=\"485\" data-end=\"488\" \/>\ud83e\udec0 Tratamientos complementarios para <strong data-start=\"525\" data-end=\"548\">S\u00edndrome Metab\u00f3lico<\/strong><br data-start=\"548\" data-end=\"551\" \/>\ud83e\udde0 Salud Funcional y bienestar integral<br data-start=\"590\" data-end=\"593\" \/>\u2728 Protocolos <strong data-start=\"606\" data-end=\"629\">Anti-envejecimiento<\/strong><br data-start=\"629\" data-end=\"632\" \/>\ud83e\udda0 Cuidado y equilibrio del <strong data-start=\"660\" data-end=\"674\">Microbioma<\/strong><\/h4>\n<h4><br data-start=\"137\" data-end=\"140\" \/>\ud83c\udf93 <strong data-start=\"143\" data-end=\"167\">Formaci\u00f3n Acad\u00e9mica:<\/strong><br data-start=\"167\" data-end=\"170\" \/>\ud83d\udd39 Ingeniero Qu\u00edmico \ud83e\uddea<br data-start=\"193\" data-end=\"196\" \/>\ud83d\udd39 Maestr\u00eda en Ingenier\u00eda Qu\u00edmica \ud83c\udf93<br data-start=\"232\" data-end=\"235\" \/>\ud83d\udd39 Especializaci\u00f3n en Bioqu\u00edmica \ud83e\uddec<\/h4>\n<h4>\ud83d\udd39 Coach Certificado en Nutrici\u00f3n y Salud en USA \ud83e\uddec<\/h4>\n<p>&nbsp;<\/p>\n<h4 data-start=\"274\" data-end=\"419\">\ud83d\udcbc <strong data-start=\"277\" data-end=\"305\">Experiencia Profesional:<\/strong><br data-start=\"305\" data-end=\"308\" \/>\ud83d\udd39 Director General de <strong data-start=\"331\" data-end=\"344\">NACASALUD<\/strong> (Venezuela \ud83c\uddfb\ud83c\uddea &amp; USA \ud83c\uddfa\ud83c\uddf8)<br data-start=\"372\" data-end=\"375\" \/>\ud83d\udd39 Coach en Salud y Nutrici\u00f3n Moderna \ud83c\udf3f\ud83d\udcaa<\/h4>\n<h4 data-start=\"274\" data-end=\"419\">\ud83d\udd39 Conferencista de Salud y Nutrici\u00f3n Moderna con mas de 22.000 seguidores en INSTAGRAMA y Redes Sociales.<\/h4>\n<p>&nbsp;<\/p>\n<h4>\ud83d\udcc5 <strong data-start=\"707\" data-end=\"726\">Agenda tu cita:<\/strong><br data-start=\"726\" data-end=\"729\" \/>\ud83d\udcf2 <strong data-start=\"732\" data-end=\"749\">WhatsApp USA:<\/strong> +1 (720) 260.2416<br data-start=\"767\" data-end=\"770\" \/>\ud83d\udde3\ufe0f Espa\u00f1ol | English | Italiano<\/h4>\n<h4><\/h4>\n<h4>\ud83d\udcb5 Primera cita de control 60 minutos: <strong data-start=\"833\" data-end=\"843\">119 USD (Aplican excepciones o descuentos para pa\u00edses de Latinoamerica)\u00a0<\/strong><\/h4>\n<h4>\ud83d\udcb5 Segunda cita de control 45 minutos: <strong data-start=\"833\" data-end=\"843\">90 USD<\/strong><\/h4>\n<h4><\/h4>\n<h4 data-start=\"274\" data-end=\"419\">\ud83d\udcbc <strong data-start=\"277\" data-end=\"305\">Formas de Pago:<\/strong><br data-start=\"305\" data-end=\"308\" \/>\ud83d\udd39 Zelle, PayPal, Binance, Criptomoneda (a nivel mundial)<br data-start=\"372\" data-end=\"375\" \/>\ud83d\udd39 Bol\u00edvares (Venezuela)<\/h4>\n<h4 data-start=\"274\" data-end=\"419\">\ud83d\udd39 Pesos (BanColombia)<\/h4>","protected":false},"excerpt":{"rendered":"<p>\u00a0MSc Jes\u00fas Antonio P\u00e9rez Coach de Nutrici\u00f3n y Salud &nbsp; \ud83d\udca1 \u00c1reas de Trabajo:\ud83e\udd57 Nutrici\u00f3n integral y funcional\ud83e\udec0 Tratamientos complementarios para S\u00edndrome Metab\u00f3lico\ud83e\udde0 Salud Funcional y bienestar integral\u2728 Protocolos Anti-envejecimiento\ud83e\udda0 Cuidado y equilibrio del Microbioma \ud83c\udf93 Formaci\u00f3n Acad\u00e9mica:\ud83d\udd39 Ingeniero Qu\u00edmico \ud83e\uddea\ud83d\udd39 Maestr\u00eda en Ingenier\u00eda Qu\u00edmica \ud83c\udf93\ud83d\udd39 Especializaci\u00f3n en Bioqu\u00edmica \ud83e\uddec \ud83d\udd39 Coach Certificado en Nutrici\u00f3n &hellip;<\/p>\n<p class=\"read-more\"> <a class=\"\" href=\"https:\/\/nacasalud.com\/en\/product\/consulta-privada-coach-de-nutricion-y-salud\/\"> <span class=\"screen-reader-text\">Consulta Privada Coach de Nutrici\u00f3n y Salud \/ MSc Jesus Antonio Perez<\/span> Read More &raquo;<\/a><\/p>","protected":false},"featured_media":2719,"template":"","meta":{"_acf_changed":false,"site-sidebar-layout":"default","site-content-layout":"","ast-site-content-layout":"default","site-content-style":"default","site-sidebar-style":"default","ast-global-header-display":"","ast-banner-title-visibility":"","ast-main-header-display":"","ast-hfb-above-header-display":"","ast-hfb-below-header-display":"","ast-hfb-mobile-header-display":"","site-post-title":"","ast-breadcrumbs-content":"","ast-featured-img":"","footer-sml-layout":"","theme-transparent-header-meta":"default","adv-header-id-meta":"","stick-header-meta":"","header-above-stick-meta":"","header-main-stick-meta":"","header-below-stick-meta":"","astra-migrate-meta-layouts":"set","ast-page-background-enabled":"default","ast-page-background-meta":{"desktop":{"background-color":"","background-image":"","background-repeat":"repeat","background-position":"center center","background-size":"auto","background-attachment":"scroll","background-type":"","background-media":"","overlay-type":"","overlay-color":"","overlay-gradient":""},"tablet":{"background-color":"","background-image":"","background-repeat":"repeat","background-position":"center center","background-size":"auto","background-attachment":"scroll","background-type":"","background-media":"","overlay-type":"","overlay-color":"","overlay-gradient":""},"mobile":{"background-color":"","background-image":"","background-repeat":"repeat","background-position":"center center","background-size":"auto","background-attachment":"scroll","background-type":"","background-media":"","overlay-type":"","overlay-color":"","overlay-gradient":""}},"ast-content-background-meta":{"desktop":{"background-color":"var(--ast-global-color-5)","background-image":"","background-repeat":"repeat","background-position":"center center","background-size":"auto","background-attachment":"scroll","background-type":"","background-media":"","overlay-type":"","overlay-color":"","overlay-gradient":""},"tablet":{"background-color":"var(--ast-global-color-5)","background-image":"","background-repeat":"repeat","background-position":"center center","background-size":"auto","background-attachment":"scroll","background-type":"","background-media":"","overlay-type":"","overlay-color":"","overlay-gradient":""},"mobile":{"background-color":"var(--ast-global-color-5)","background-image":"","background-repeat":"repeat","background-position":"center center","background-size":"auto","background-attachment":"scroll","background-type":"","background-media":"","overlay-type":"","overlay-color":"","overlay-gradient":""}}},"product_brand":[],"product_cat":[58],"product_tag":[],"offers":[],"class_list":{"0":"post-2718","1":"product","2":"type-product","3":"status-publish","4":"has-post-thumbnail","6":"product_cat-consultas-profesionales-salud-a-nivel-mundial","7":"desktop-align-left","8":"tablet-align-left","9":"mobile-align-left","11":"first","12":"instock","13":"taxable","14":"shipping-taxable","15":"purchasable","16":"product-type-simple"},"acf":[],"jetpack_sharing_enabled":true,"_links":{"self":[{"href":"https:\/\/nacasalud.com\/en\/wp-json\/wp\/v2\/product\/2718","targetHints":{"allow":["GET"]}}],"collection":[{"href":"https:\/\/nacasalud.com\/en\/wp-json\/wp\/v2\/product"}],"about":[{"href":"https:\/\/nacasalud.com\/en\/wp-json\/wp\/v2\/types\/product"}],"wp:featuredmedia":[{"embeddable":true,"href":"https:\/\/nacasalud.com\/en\/wp-json\/wp\/v2\/media\/2719"}],"wp:attachment":[{"href":"https:\/\/nacasalud.com\/en\/wp-json\/wp\/v2\/media?parent=2718"}],"wp:term":[{"taxonomy":"product_brand","embeddable":true,"href":"https:\/\/nacasalud.com\/en\/wp-json\/wp\/v2\/product_brand?post=2718"},{"taxonomy":"product_cat","embeddable":true,"href":"https:\/\/nacasalud.com\/en\/wp-json\/wp\/v2\/product_cat?post=2718"},{"taxonomy":"product_tag","embeddable":true,"href":"https:\/\/nacasalud.com\/en\/wp-json\/wp\/v2\/product_tag?post=2718"},{"taxonomy":"offers","embeddable":true,"href":"https:\/\/nacasalud.com\/en\/wp-json\/wp\/v2\/offers?post=2718"}],"curies":[{"name":"wp","href":"https:\/\/api.w.org\/{rel}","templated":true}]}}