{"id":2817,"date":"2025-09-02T23:51:56","date_gmt":"2025-09-02T23:51:56","guid":{"rendered":"https:\/\/nacasalud.com\/?post_type=product&#038;p=2817"},"modified":"2025-09-09T19:00:04","modified_gmt":"2025-09-09T19:00:04","slug":"consulta-medica-medicina-interna-dra-laura-esparragoza","status":"publish","type":"product","link":"https:\/\/nacasalud.com\/en\/product\/consulta-medica-medicina-interna-dra-laura-esparragoza\/","title":{"rendered":"Consulta Medica \/ Medicina Interna\/ Dra. Laura Esparragoza"},"content":{"rendered":"<h3>Dra. Laura Esparragoza<\/h3>\n<h3 data-start=\"104\" data-end=\"272\">\ud83d\udca1\u00a0<strong data-start=\"424\" data-end=\"445\">\u00c1reas de Trabajo:<\/strong><\/h3>\n<h4>\ud83d\udc69\ud83c\udffc\u200d\u2695\ufe0f Atencion Primaria de salud: Prevenci\u00f3n, diagn\u00f3stico y tratamiento de enfermedades comunes, agudas y cr\u00f3nicas<br \/>\n\ud83e\uddeaPromoci\u00f3n de salud y bienestar general<br \/>\n\ud83d\udc89 Terapias Alternativas: Basadas en hierbas medicinales<br \/>\n\u262f\ufe0fTerapias del dolor: Acupuntura, ondas magn\u00e9ticas, masajes.<br \/>\n\u25ab\ufe0fSueroterapias<br \/>\n\u25ab\ufe0fAromaterapia<br \/>\n\u25ab\ufe0fMoxibustion<br \/>\n\u25ab\ufe0fAuriculoterapia<\/h4>\n<p>&nbsp;<\/p>\n<h3>\ud83c\udf93\u00a0<strong data-start=\"143\" data-end=\"167\">Formaci\u00f3n Acad\u00e9mica:<\/strong><\/h3>\n<h4>\ud83d\udd38M\u00e9dico General<br \/>\n\ud83d\udd38M\u00e9dico Acupuntor<br \/>\n\ud83d\udd38M\u00e9dico Ecograf\u00edsta integral y avanzado<\/h4>\n<p>&nbsp;<\/p>\n<h3 data-start=\"274\" data-end=\"419\">\ud83d\udcbc\u00a0<strong data-start=\"277\" data-end=\"305\">Experiencia Profesional:<\/strong><\/h3>\n<h4>\ud83c\udfe5Cl\u00ednica Guardianes de la patria<br \/>\n\ud83d\ude91Protecci\u00f3n civil<br \/>\n\ud83c\udfe5Fundalazos azules<\/h4>\n<p>&nbsp;<\/p>\n<h4>\ud83d\udcc5\u00a0<strong data-start=\"707\" data-end=\"726\">Agenda tu cita:<\/strong><br data-start=\"726\" data-end=\"729\" \/>\ud83d\udcf2\u00a0<strong data-start=\"732\" data-end=\"749\">WhatsApp USA:<\/strong>\u00a0+1 (720) 260.2416<br data-start=\"767\" data-end=\"770\" \/>\ud83d\udde3\ufe0f\u00a0Espa\u00f1ol<\/h4>\n<h4>\ud83d\udcb5\u00a0Primera cita de control 60 minutos: 50<strong data-start=\"833\" data-end=\"843\">\u00a0USD\u00a0<\/strong><br data-start=\"802\" data-end=\"805\" \/>\ud83d\udcb5\u00a0Segunda cita de control 45 minutos:\u00a0<strong data-start=\"833\" data-end=\"843\">40 USD<\/strong><\/h4>\n<h4 data-start=\"274\" data-end=\"419\">\ud83d\udcbc\u00a0<strong data-start=\"277\" data-end=\"305\">Formas de Pago:<\/strong><br data-start=\"305\" data-end=\"308\" \/>\ud83d\udd39\u00a0Zelle, PayPal, Binance, Criptomoneda (a nivel mundial)<br data-start=\"372\" data-end=\"375\" \/>\ud83d\udd39\u00a0Bol\u00edvares (Venezuela)<\/h4>\n<h4 data-start=\"274\" data-end=\"419\">\ud83d\udd39\u00a0Pesos (BanColombia)<\/h4>","protected":false},"excerpt":{"rendered":"<p>Dra. Laura Esparragoza \ud83d\udca1\u00a0\u00c1reas de Trabajo: \ud83d\udc69\ud83c\udffc\u200d\u2695\ufe0f Atencion Primaria de salud: Prevenci\u00f3n, diagn\u00f3stico y tratamiento de enfermedades comunes, agudas y cr\u00f3nicas \ud83e\uddeaPromoci\u00f3n de salud y bienestar general \ud83d\udc89 Terapias Alternativas: Basadas en hierbas medicinales \u262f\ufe0fTerapias del dolor: Acupuntura, ondas magn\u00e9ticas, masajes. \u25ab\ufe0fSueroterapias \u25ab\ufe0fAromaterapia \u25ab\ufe0fMoxibustion \u25ab\ufe0fAuriculoterapia &nbsp; \ud83c\udf93\u00a0Formaci\u00f3n Acad\u00e9mica: \ud83d\udd38M\u00e9dico General \ud83d\udd38M\u00e9dico Acupuntor \ud83d\udd38M\u00e9dico Ecograf\u00edsta integral &hellip;<\/p>\n<p class=\"read-more\"> <a class=\"\" href=\"https:\/\/nacasalud.com\/en\/product\/consulta-medica-medicina-interna-dra-laura-esparragoza\/\"> <span class=\"screen-reader-text\">Consulta Medica \/ Medicina Interna\/ Dra. Laura Esparragoza<\/span> Read More &raquo;<\/a><\/p>","protected":false},"featured_media":2865,"template":"","meta":{"_acf_changed":false,"site-sidebar-layout":"default","site-content-layout":"","ast-site-content-layout":"default","site-content-style":"default","site-sidebar-style":"default","ast-global-header-display":"","ast-banner-title-visibility":"","ast-main-header-display":"","ast-hfb-above-header-display":"","ast-hfb-below-header-display":"","ast-hfb-mobile-header-display":"","site-post-title":"","ast-breadcrumbs-content":"","ast-featured-img":"","footer-sml-layout":"","theme-transparent-header-meta":"default","adv-header-id-meta":"","stick-header-meta":"","header-above-stick-meta":"","header-main-stick-meta":"","header-below-stick-meta":"","astra-migrate-meta-layouts":"set","ast-page-background-enabled":"default","ast-page-background-meta":{"desktop":{"background-color":"","background-image":"","background-repeat":"repeat","background-position":"center center","background-size":"auto","background-attachment":"scroll","background-type":"","background-media":"","overlay-type":"","overlay-color":"","overlay-gradient":""},"tablet":{"background-color":"","background-image":"","background-repeat":"repeat","background-position":"center center","background-size":"auto","background-attachment":"scroll","background-type":"","background-media":"","overlay-type":"","overlay-color":"","overlay-gradient":""},"mobile":{"background-color":"","background-image":"","background-repeat":"repeat","background-position":"center center","background-size":"auto","background-attachment":"scroll","background-type":"","background-media":"","overlay-type":"","overlay-color":"","overlay-gradient":""}},"ast-content-background-meta":{"desktop":{"background-color":"var(--ast-global-color-5)","background-image":"","background-repeat":"repeat","background-position":"center center","background-size":"auto","background-attachment":"scroll","background-type":"","background-media":"","overlay-type":"","overlay-color":"","overlay-gradient":""},"tablet":{"background-color":"var(--ast-global-color-5)","background-image":"","background-repeat":"repeat","background-position":"center center","background-size":"auto","background-attachment":"scroll","background-type":"","background-media":"","overlay-type":"","overlay-color":"","overlay-gradient":""},"mobile":{"background-color":"var(--ast-global-color-5)","background-image":"","background-repeat":"repeat","background-position":"center center","background-size":"auto","background-attachment":"scroll","background-type":"","background-media":"","overlay-type":"","overlay-color":"","overlay-gradient":""}}},"product_brand":[],"product_cat":[58],"product_tag":[],"offers":[],"class_list":{"0":"post-2817","1":"product","2":"type-product","3":"status-publish","4":"has-post-thumbnail","6":"product_cat-consultas-profesionales-salud-a-nivel-mundial","7":"desktop-align-left","8":"tablet-align-left","9":"mobile-align-left","11":"first","12":"instock","13":"taxable","14":"shipping-taxable","15":"purchasable","16":"product-type-simple"},"acf":[],"jetpack_sharing_enabled":true,"_links":{"self":[{"href":"https:\/\/nacasalud.com\/en\/wp-json\/wp\/v2\/product\/2817","targetHints":{"allow":["GET"]}}],"collection":[{"href":"https:\/\/nacasalud.com\/en\/wp-json\/wp\/v2\/product"}],"about":[{"href":"https:\/\/nacasalud.com\/en\/wp-json\/wp\/v2\/types\/product"}],"wp:featuredmedia":[{"embeddable":true,"href":"https:\/\/nacasalud.com\/en\/wp-json\/wp\/v2\/media\/2865"}],"wp:attachment":[{"href":"https:\/\/nacasalud.com\/en\/wp-json\/wp\/v2\/media?parent=2817"}],"wp:term":[{"taxonomy":"product_brand","embeddable":true,"href":"https:\/\/nacasalud.com\/en\/wp-json\/wp\/v2\/product_brand?post=2817"},{"taxonomy":"product_cat","embeddable":true,"href":"https:\/\/nacasalud.com\/en\/wp-json\/wp\/v2\/product_cat?post=2817"},{"taxonomy":"product_tag","embeddable":true,"href":"https:\/\/nacasalud.com\/en\/wp-json\/wp\/v2\/product_tag?post=2817"},{"taxonomy":"offers","embeddable":true,"href":"https:\/\/nacasalud.com\/en\/wp-json\/wp\/v2\/offers?post=2817"}],"curies":[{"name":"wp","href":"https:\/\/api.w.org\/{rel}","templated":true}]}}