{"id":2819,"date":"2025-09-03T00:08:57","date_gmt":"2025-09-03T00:08:57","guid":{"rendered":"https:\/\/nacasalud.com\/?post_type=product&#038;p=2819"},"modified":"2025-09-08T20:50:53","modified_gmt":"2025-09-08T20:50:53","slug":"consulta-medica-psicologia-adultos-y-pareja-licenciada-carmen-oropeza","status":"publish","type":"product","link":"https:\/\/nacasalud.com\/en\/product\/consulta-medica-psicologia-adultos-y-pareja-licenciada-carmen-oropeza\/","title":{"rendered":"Consulta Medica \/ Psicolog\u00eda Adultos y Pareja\/ Licenciada Carmen Oropeza"},"content":{"rendered":"<h3>Licenciada Carmen Oropeza<\/h3>\n<h3 data-start=\"104\" data-end=\"272\"><img decoding=\"async\" class=\"emoji\" role=\"img\" draggable=\"false\" src=\"https:\/\/s.w.org\/images\/core\/emoji\/16.0.1\/svg\/1f4a1.svg\" alt=\"\ud83d\udca1\" \/>\u00a0<strong data-start=\"424\" data-end=\"445\">\u00c1reas de Trabajo:<\/strong><\/h3>\n<h4><img decoding=\"async\" class=\"emoji\" role=\"img\" draggable=\"false\" src=\"https:\/\/s.w.org\/images\/core\/emoji\/16.0.1\/svg\/1f469-1f3fc-200d-2695-fe0f.svg\" alt=\"\ud83d\udc69\ud83c\udffc\u200d\u2695\ufe0f\" \/> Atenci\u00f3n adultos y conflictos de parejas<br \/>\n<img decoding=\"async\" class=\"emoji\" role=\"img\" draggable=\"false\" src=\"https:\/\/s.w.org\/images\/core\/emoji\/16.0.1\/svg\/1f9ea.svg\" alt=\"\ud83e\uddea\" \/> Neurociencias<br \/>\n<img decoding=\"async\" class=\"emoji\" role=\"img\" draggable=\"false\" src=\"https:\/\/s.w.org\/images\/core\/emoji\/16.0.1\/svg\/1f489.svg\" alt=\"\ud83d\udc89\" \/> Terapias grupales de adolescente y padres<br \/>\n\ud83e\udd1d\ud83e\uddd8 Inteligencia Emocional<\/h4>\n<p>&nbsp;<\/p>\n<p>&nbsp;<\/p>\n<h3><img decoding=\"async\" class=\"emoji\" role=\"img\" draggable=\"false\" src=\"https:\/\/s.w.org\/images\/core\/emoji\/16.0.1\/svg\/1f393.svg\" alt=\"\ud83c\udf93\" \/>\u00a0<strong data-start=\"143\" data-end=\"167\">Formaci\u00f3n Acad\u00e9mica:<\/strong><\/h3>\n<h4><img decoding=\"async\" class=\"emoji\" role=\"img\" draggable=\"false\" src=\"https:\/\/s.w.org\/images\/core\/emoji\/16.0.1\/svg\/1f538.svg\" alt=\"\ud83d\udd38\" \/>Licencia en Psicolog\u00eda<br \/>\n<img decoding=\"async\" class=\"emoji\" role=\"img\" draggable=\"false\" src=\"https:\/\/s.w.org\/images\/core\/emoji\/16.0.1\/svg\/1f538.svg\" alt=\"\ud83d\udd38\" \/>Especializaci\u00f3n en Neurociencias<\/h4>\n<p>&nbsp;<\/p>\n<h3 data-start=\"274\" data-end=\"419\"><img decoding=\"async\" class=\"emoji\" role=\"img\" draggable=\"false\" src=\"https:\/\/s.w.org\/images\/core\/emoji\/16.0.1\/svg\/1f4bc.svg\" alt=\"\ud83d\udcbc\" \/>\u00a0<strong data-start=\"277\" data-end=\"305\">Experiencia Profesional:<\/strong><\/h3>\n<h4><img decoding=\"async\" class=\"emoji\" role=\"img\" draggable=\"false\" src=\"https:\/\/s.w.org\/images\/core\/emoji\/16.0.1\/svg\/1f3e5.svg\" alt=\"\ud83c\udfe5\" \/>Hospital de Ni\u00f1os J.M. de Los R\u00edos, Caracas<br \/>\n<img decoding=\"async\" class=\"emoji\" role=\"img\" draggable=\"false\" src=\"https:\/\/s.w.org\/images\/core\/emoji\/16.0.1\/svg\/1f691.svg\" alt=\"\ud83d\ude91\" \/>Hospital General &#8220;Sim\u00f3n Bolivar&#8221;, Ocumare del Tuy<br \/>\n<img decoding=\"async\" class=\"emoji\" role=\"img\" draggable=\"false\" src=\"https:\/\/s.w.org\/images\/core\/emoji\/16.0.1\/svg\/1f3e5.svg\" alt=\"\ud83c\udfe5\" \/>Instituto Aut\u00f3nomo Municipal de la Mujer<\/h4>\n<p>&nbsp;<\/p>\n<h4><img decoding=\"async\" class=\"emoji\" role=\"img\" draggable=\"false\" src=\"https:\/\/s.w.org\/images\/core\/emoji\/16.0.1\/svg\/1f4c5.svg\" alt=\"\ud83d\udcc5\" \/>\u00a0<strong data-start=\"707\" data-end=\"726\">Agenda tu cita:<\/strong><br data-start=\"726\" data-end=\"729\" \/><img decoding=\"async\" class=\"emoji\" role=\"img\" draggable=\"false\" src=\"https:\/\/s.w.org\/images\/core\/emoji\/16.0.1\/svg\/1f4f2.svg\" alt=\"\ud83d\udcf2\" \/>\u00a0<strong data-start=\"732\" data-end=\"749\">WhatsApp USA:<\/strong>\u00a0+1 (720) 260.2416<br data-start=\"767\" data-end=\"770\" \/><img decoding=\"async\" class=\"emoji\" role=\"img\" draggable=\"false\" src=\"https:\/\/s.w.org\/images\/core\/emoji\/16.0.1\/svg\/1f5e3.svg\" alt=\"\ud83d\udde3\ufe0f\" \/>\u00a0Espa\u00f1ol<\/h4>\n<h4><img decoding=\"async\" class=\"emoji\" role=\"img\" draggable=\"false\" src=\"https:\/\/s.w.org\/images\/core\/emoji\/16.0.1\/svg\/1f4b5.svg\" alt=\"\ud83d\udcb5\" \/>\u00a0Primera cita de control 60 minutos: 50<strong data-start=\"833\" data-end=\"843\">\u00a0USD\u00a0<\/strong><br data-start=\"802\" data-end=\"805\" \/><img decoding=\"async\" class=\"emoji\" role=\"img\" draggable=\"false\" src=\"https:\/\/s.w.org\/images\/core\/emoji\/16.0.1\/svg\/1f4b5.svg\" alt=\"\ud83d\udcb5\" \/> Segunda cita de control 60 minutos: <strong data-start=\"833\" data-end=\"843\">50 USD<\/strong><\/h4>\n<h4 data-start=\"274\" data-end=\"419\"><img decoding=\"async\" class=\"emoji\" role=\"img\" draggable=\"false\" src=\"https:\/\/s.w.org\/images\/core\/emoji\/16.0.1\/svg\/1f4bc.svg\" alt=\"\ud83d\udcbc\" \/>\u00a0<strong data-start=\"277\" data-end=\"305\">Formas de Pago:<\/strong><br data-start=\"305\" data-end=\"308\" \/><img decoding=\"async\" class=\"emoji\" role=\"img\" draggable=\"false\" src=\"https:\/\/s.w.org\/images\/core\/emoji\/16.0.1\/svg\/1f539.svg\" alt=\"\ud83d\udd39\" \/>\u00a0Zelle, PayPal, Binance, Criptomoneda (a nivel mundial)<br data-start=\"372\" data-end=\"375\" \/><img decoding=\"async\" class=\"emoji\" role=\"img\" draggable=\"false\" src=\"https:\/\/s.w.org\/images\/core\/emoji\/16.0.1\/svg\/1f539.svg\" alt=\"\ud83d\udd39\" \/>\u00a0Bol\u00edvares (Venezuela)<\/h4>\n<h4 data-start=\"274\" data-end=\"419\"><img decoding=\"async\" class=\"emoji\" role=\"img\" draggable=\"false\" src=\"https:\/\/s.w.org\/images\/core\/emoji\/16.0.1\/svg\/1f539.svg\" alt=\"\ud83d\udd39\" \/>\u00a0Pesos (BanColombia)<\/h4>","protected":false},"excerpt":{"rendered":"<p>Licenciada Carmen Oropeza \u00a0\u00c1reas de Trabajo: Atenci\u00f3n adultos y conflictos de parejas Neurociencias Terapias grupales de adolescente y padres \ud83e\udd1d\ud83e\uddd8 Inteligencia Emocional &nbsp; &nbsp; \u00a0Formaci\u00f3n Acad\u00e9mica: Licencia en Psicolog\u00eda Especializaci\u00f3n en Neurociencias &nbsp; \u00a0Experiencia Profesional: Hospital de Ni\u00f1os J.M. de Los R\u00edos, Caracas Hospital General &#8220;Sim\u00f3n Bolivar&#8221;, Ocumare del Tuy Instituto Aut\u00f3nomo Municipal de la &hellip;<\/p>\n<p class=\"read-more\"> <a class=\"\" href=\"https:\/\/nacasalud.com\/en\/product\/consulta-medica-psicologia-adultos-y-pareja-licenciada-carmen-oropeza\/\"> <span class=\"screen-reader-text\">Consulta Medica \/ Psicolog\u00eda Adultos y Pareja\/ Licenciada Carmen Oropeza<\/span> Read More &raquo;<\/a><\/p>","protected":false},"featured_media":2840,"template":"","meta":{"_acf_changed":false,"site-sidebar-layout":"default","site-content-layout":"","ast-site-content-layout":"default","site-content-style":"default","site-sidebar-style":"default","ast-global-header-display":"","ast-banner-title-visibility":"","ast-main-header-display":"","ast-hfb-above-header-display":"","ast-hfb-below-header-display":"","ast-hfb-mobile-header-display":"","site-post-title":"","ast-breadcrumbs-content":"","ast-featured-img":"","footer-sml-layout":"","theme-transparent-header-meta":"default","adv-header-id-meta":"","stick-header-meta":"","header-above-stick-meta":"","header-main-stick-meta":"","header-below-stick-meta":"","astra-migrate-meta-layouts":"set","ast-page-background-enabled":"default","ast-page-background-meta":{"desktop":{"background-color":"","background-image":"","background-repeat":"repeat","background-position":"center center","background-size":"auto","background-attachment":"scroll","background-type":"","background-media":"","overlay-type":"","overlay-color":"","overlay-gradient":""},"tablet":{"background-color":"","background-image":"","background-repeat":"repeat","background-position":"center center","background-size":"auto","background-attachment":"scroll","background-type":"","background-media":"","overlay-type":"","overlay-color":"","overlay-gradient":""},"mobile":{"background-color":"","background-image":"","background-repeat":"repeat","background-position":"center center","background-size":"auto","background-attachment":"scroll","background-type":"","background-media":"","overlay-type":"","overlay-color":"","overlay-gradient":""}},"ast-content-background-meta":{"desktop":{"background-color":"var(--ast-global-color-5)","background-image":"","background-repeat":"repeat","background-position":"center center","background-size":"auto","background-attachment":"scroll","background-type":"","background-media":"","overlay-type":"","overlay-color":"","overlay-gradient":""},"tablet":{"background-color":"var(--ast-global-color-5)","background-image":"","background-repeat":"repeat","background-position":"center center","background-size":"auto","background-attachment":"scroll","background-type":"","background-media":"","overlay-type":"","overlay-color":"","overlay-gradient":""},"mobile":{"background-color":"var(--ast-global-color-5)","background-image":"","background-repeat":"repeat","background-position":"center center","background-size":"auto","background-attachment":"scroll","background-type":"","background-media":"","overlay-type":"","overlay-color":"","overlay-gradient":""}}},"product_brand":[],"product_cat":[58],"product_tag":[],"offers":[],"class_list":{"0":"post-2819","1":"product","2":"type-product","3":"status-publish","4":"has-post-thumbnail","6":"product_cat-consultas-profesionales-salud-a-nivel-mundial","7":"desktop-align-left","8":"tablet-align-left","9":"mobile-align-left","11":"first","12":"instock","13":"taxable","14":"shipping-taxable","15":"purchasable","16":"product-type-simple"},"acf":[],"jetpack_sharing_enabled":true,"_links":{"self":[{"href":"https:\/\/nacasalud.com\/en\/wp-json\/wp\/v2\/product\/2819","targetHints":{"allow":["GET"]}}],"collection":[{"href":"https:\/\/nacasalud.com\/en\/wp-json\/wp\/v2\/product"}],"about":[{"href":"https:\/\/nacasalud.com\/en\/wp-json\/wp\/v2\/types\/product"}],"wp:featuredmedia":[{"embeddable":true,"href":"https:\/\/nacasalud.com\/en\/wp-json\/wp\/v2\/media\/2840"}],"wp:attachment":[{"href":"https:\/\/nacasalud.com\/en\/wp-json\/wp\/v2\/media?parent=2819"}],"wp:term":[{"taxonomy":"product_brand","embeddable":true,"href":"https:\/\/nacasalud.com\/en\/wp-json\/wp\/v2\/product_brand?post=2819"},{"taxonomy":"product_cat","embeddable":true,"href":"https:\/\/nacasalud.com\/en\/wp-json\/wp\/v2\/product_cat?post=2819"},{"taxonomy":"product_tag","embeddable":true,"href":"https:\/\/nacasalud.com\/en\/wp-json\/wp\/v2\/product_tag?post=2819"},{"taxonomy":"offers","embeddable":true,"href":"https:\/\/nacasalud.com\/en\/wp-json\/wp\/v2\/offers?post=2819"}],"curies":[{"name":"wp","href":"https:\/\/api.w.org\/{rel}","templated":true}]}}