{"id":2969,"date":"2025-10-07T02:37:42","date_gmt":"2025-10-07T02:37:42","guid":{"rendered":"https:\/\/nacasalud.com\/?post_type=product&#038;p=2969"},"modified":"2025-10-07T02:46:40","modified_gmt":"2025-10-07T02:46:40","slug":"consulta-privada-coach-de-nutricion-y-salud-2","status":"publish","type":"product","link":"https:\/\/nacasalud.com\/en\/product\/consulta-privada-coach-de-nutricion-y-salud-2\/","title":{"rendered":"Consulta Privada Coach de Nutricion y Salud \/Dr. Jorge Verdecia"},"content":{"rendered":"<h2>Dr. Jorge Luis Verdecia Su\u00e1rez<br \/>\n\ud83c\udf31 M\u00e9dico Cirujano \u2013 Health Coach en Nutrici\u00f3n y Salud<\/h2>\n<h4>\ud83d\udca1 \u00c1reas de Trabajo:<br \/>\n\ud83e\udec0 Prevenci\u00f3n de enfermedades cr\u00f3nicas y autocontrol de h\u00e1bitos<br \/>\n\ud83e\udd57 Nutrici\u00f3n consciente y promoci\u00f3n de un estilo de vida saludable<br \/>\n\ud83e\udde0 Bienestar integral y desarrollo personal<br \/>\n\u2728 Educaci\u00f3n en h\u00e1bitos saludables y calidad de vida<br \/>\n\ud83d\udcd6 Mentor\u00eda en autocontrol y manejo de conductas no saludables<\/h4>\n<p>&nbsp;<\/p>\n<h4>\ud83c\udf93 Formaci\u00f3n Acad\u00e9mica:<br \/>\n\ud83d\udd39 M\u00e9dico (Universidad de Ciencias M\u00e9dicas de La Habana, CU) \ud83d\udc68\u200d\u2695\ufe0f<br \/>\n\ud83d\udd39 Especialista en Medicina General (Habana, CU) \ud83e\ude7a<br \/>\n\ud83d\udd39 Diploma en Ecograf\u00eda Diagn\u00f3stica (Habana, CU) \ud83d\udda5\ufe0f<br \/>\n\ud83d\udd39 Associate of Science en Medical Assisting \u2013 RMA (Miami, USA) \ud83c\udf93<br \/>\n\ud83d\udd39 Health Coach Certificado (Nutrillermo, USA) \ud83c\udf3f<br \/>\n\ud83d\udd39 Certificaciones: IV Therapy, Phlebotomy, BLS<\/h4>\n<p>&nbsp;<\/p>\n<h4>\ud83d\udcbc Experiencia Profesional:<br \/>\n\ud83d\udd39 Asistente M\u00e9dico en cl\u00ednicas de infusi\u00f3n y atenci\u00f3n primaria (USA \ud83c\uddfa\ud83c\uddf8)<br \/>\n\ud83d\udd39 Ultrasonografista en diagn\u00f3stico y estudios vasculares (CU)<br \/>\n\ud83d\udd39 M\u00e9dico de Familia en atenci\u00f3n integral comunitaria (CU)<br \/>\n\ud83d\udd39 Autor del libro Un d\u00eda para pecar, sobre autocontrol y manejo de h\u00e1bitos \ud83d\udcd6<br \/>\n\ud83d\udd39 Creador de contenido en YouTube \ud83c\udfa5 y redes sociales sobre salud, autocontrol y prevenci\u00f3n.<\/h4>\n<p>&nbsp;<\/p>\n<h4>\ud83d\udcc5\u00a0<strong data-start=\"707\" data-end=\"726\">Agenda tu cita:<\/strong><br data-start=\"726\" data-end=\"729\" \/>\ud83d\udcf2\u00a0<strong data-start=\"732\" data-end=\"749\">WhatsApp USA:<\/strong>\u00a0+1 (720) 260.2416<br data-start=\"767\" data-end=\"770\" \/>\ud83d\udde3\ufe0f Espa\u00f1ol | English |<\/h4>\n<h4>\ud83d\udcb5\u00a0Primera cita de control 60 minutos:\u00a0<strong data-start=\"833\" data-end=\"843\">119 USD (Aplican excepciones o descuentos para pa\u00edses de Latinoamerica)\u00a0<\/strong><br data-start=\"802\" data-end=\"805\" \/>\ud83d\udcb5\u00a0Segunda cita de control 45 minutos:\u00a0<strong data-start=\"833\" data-end=\"843\">90 USD<\/strong><\/h4>\n<h4 data-start=\"274\" data-end=\"419\">\ud83d\udcbc\u00a0<strong data-start=\"277\" data-end=\"305\">Formas de Pago:<\/strong><br data-start=\"305\" data-end=\"308\" \/>\ud83d\udd39\u00a0Zelle, PayPal, Binance, Criptomoneda (a nivel mundial)<br data-start=\"372\" data-end=\"375\" \/>\ud83d\udd39\u00a0Bol\u00edvares (Venezuela)<\/h4>\n<h4 data-start=\"274\" data-end=\"419\">\ud83d\udd39\u00a0Pesos (BanColombia)<\/h4>","protected":false},"excerpt":{"rendered":"<p>Dr. Jorge Luis Verdecia Su\u00e1rez \ud83c\udf31 M\u00e9dico Cirujano \u2013 Health Coach en Nutrici\u00f3n y Salud \ud83d\udca1 \u00c1reas de Trabajo: \ud83e\udec0 Prevenci\u00f3n de enfermedades cr\u00f3nicas y autocontrol de h\u00e1bitos \ud83e\udd57 Nutrici\u00f3n consciente y promoci\u00f3n de un estilo de vida saludable \ud83e\udde0 Bienestar integral y desarrollo personal \u2728 Educaci\u00f3n en h\u00e1bitos saludables y calidad de vida \ud83d\udcd6 &hellip;<\/p>\n<p class=\"read-more\"> <a class=\"\" href=\"https:\/\/nacasalud.com\/en\/product\/consulta-privada-coach-de-nutricion-y-salud-2\/\"> <span class=\"screen-reader-text\">Consulta Privada Coach de Nutricion y Salud \/Dr. Jorge Verdecia<\/span> Read More &raquo;<\/a><\/p>","protected":false},"featured_media":2971,"template":"","meta":{"_acf_changed":false,"site-sidebar-layout":"default","site-content-layout":"","ast-site-content-layout":"default","site-content-style":"default","site-sidebar-style":"default","ast-global-header-display":"","ast-banner-title-visibility":"","ast-main-header-display":"","ast-hfb-above-header-display":"","ast-hfb-below-header-display":"","ast-hfb-mobile-header-display":"","site-post-title":"","ast-breadcrumbs-content":"","ast-featured-img":"","footer-sml-layout":"","theme-transparent-header-meta":"default","adv-header-id-meta":"","stick-header-meta":"","header-above-stick-meta":"","header-main-stick-meta":"","header-below-stick-meta":"","astra-migrate-meta-layouts":"set","ast-page-background-enabled":"default","ast-page-background-meta":{"desktop":{"background-color":"","background-image":"","background-repeat":"repeat","background-position":"center center","background-size":"auto","background-attachment":"scroll","background-type":"","background-media":"","overlay-type":"","overlay-color":"","overlay-gradient":""},"tablet":{"background-color":"","background-image":"","background-repeat":"repeat","background-position":"center center","background-size":"auto","background-attachment":"scroll","background-type":"","background-media":"","overlay-type":"","overlay-color":"","overlay-gradient":""},"mobile":{"background-color":"","background-image":"","background-repeat":"repeat","background-position":"center center","background-size":"auto","background-attachment":"scroll","background-type":"","background-media":"","overlay-type":"","overlay-color":"","overlay-gradient":""}},"ast-content-background-meta":{"desktop":{"background-color":"var(--ast-global-color-5)","background-image":"","background-repeat":"repeat","background-position":"center center","background-size":"auto","background-attachment":"scroll","background-type":"","background-media":"","overlay-type":"","overlay-color":"","overlay-gradient":""},"tablet":{"background-color":"var(--ast-global-color-5)","background-image":"","background-repeat":"repeat","background-position":"center center","background-size":"auto","background-attachment":"scroll","background-type":"","background-media":"","overlay-type":"","overlay-color":"","overlay-gradient":""},"mobile":{"background-color":"var(--ast-global-color-5)","background-image":"","background-repeat":"repeat","background-position":"center center","background-size":"auto","background-attachment":"scroll","background-type":"","background-media":"","overlay-type":"","overlay-color":"","overlay-gradient":""}}},"product_brand":[],"product_cat":[58],"product_tag":[],"offers":[],"class_list":{"0":"post-2969","1":"product","2":"type-product","3":"status-publish","4":"has-post-thumbnail","6":"product_cat-consultas-profesionales-salud-a-nivel-mundial","7":"desktop-align-left","8":"tablet-align-left","9":"mobile-align-left","11":"first","12":"instock","13":"taxable","14":"shipping-taxable","15":"purchasable","16":"product-type-simple"},"acf":[],"jetpack_sharing_enabled":true,"_links":{"self":[{"href":"https:\/\/nacasalud.com\/en\/wp-json\/wp\/v2\/product\/2969","targetHints":{"allow":["GET"]}}],"collection":[{"href":"https:\/\/nacasalud.com\/en\/wp-json\/wp\/v2\/product"}],"about":[{"href":"https:\/\/nacasalud.com\/en\/wp-json\/wp\/v2\/types\/product"}],"wp:featuredmedia":[{"embeddable":true,"href":"https:\/\/nacasalud.com\/en\/wp-json\/wp\/v2\/media\/2971"}],"wp:attachment":[{"href":"https:\/\/nacasalud.com\/en\/wp-json\/wp\/v2\/media?parent=2969"}],"wp:term":[{"taxonomy":"product_brand","embeddable":true,"href":"https:\/\/nacasalud.com\/en\/wp-json\/wp\/v2\/product_brand?post=2969"},{"taxonomy":"product_cat","embeddable":true,"href":"https:\/\/nacasalud.com\/en\/wp-json\/wp\/v2\/product_cat?post=2969"},{"taxonomy":"product_tag","embeddable":true,"href":"https:\/\/nacasalud.com\/en\/wp-json\/wp\/v2\/product_tag?post=2969"},{"taxonomy":"offers","embeddable":true,"href":"https:\/\/nacasalud.com\/en\/wp-json\/wp\/v2\/offers?post=2969"}],"curies":[{"name":"wp","href":"https:\/\/api.w.org\/{rel}","templated":true}]}}