{"id":3025,"date":"2025-10-22T01:52:51","date_gmt":"2025-10-22T01:52:51","guid":{"rendered":"https:\/\/nacasalud.com\/?post_type=product&#038;p=3025"},"modified":"2025-10-22T02:13:48","modified_gmt":"2025-10-22T02:13:48","slug":"consulta-medica-dra-mayrlem-aponte","status":"publish","type":"product","link":"https:\/\/nacasalud.com\/en\/product\/consulta-medica-dra-mayrlem-aponte\/","title":{"rendered":"Consulta medica \/ Medicina Integrativa y Holistica \/ Dra Mayrlem Aponte"},"content":{"rendered":"<h2>Dra. Mayrlem Aponte<\/h2>\n<h2>\ud83c\udf31 M\u00e9dico Integrativo, Salud Ocupacional y Ecografista Integral<\/h2>\n<p>&nbsp;<\/p>\n<h4>\ud83d\udca1\u00a0\u00c1reas de Trabajo:<br \/>\n\ud83e\udec0 Abordaje hol\u00edstico en enfermedades de inflamaci\u00f3n cr\u00f3nica de bajo grado tales como obesidad, hiperglucemia, diabetes mellitus, dislipidemia, hipertensi\u00f3n arterial, intestino permeable, fatiga cr\u00f3nica y disbiosis.<br \/>\n\ud83e\udd57\u00a0Nutrici\u00f3n consciente y promoci\u00f3n de un estilo de vida saludable<br \/>\n\ud83e\udde0\u00a0Bienestar integral y desarrollo personal<\/h4>\n<h4>\ud83c\udf93\u00a0Formaci\u00f3n Acad\u00e9mica:<br \/>\n\ud83d\udd39 M\u00e9dico Cirujano (Universidad de Los Andes, Venezuela) \ud83d\udc68\u200d\u2695\ufe0f<br \/>\n\ud83d\udd39 Magister en Medicina Integrativa y Diplomado en Riesgos Industriales\ud83e\ude7a<br \/>\n\ud83d\udd39 Ecografista Integral<\/h4>\n<p>&nbsp;<\/p>\n<h4>\ud83d\udcbc\u00a0Experiencia Profesional:<br \/>\n\ud83d\udd39 Directora General de Sioncasalud (Lecher\u00eda, Venezuela)<br \/>\n\ud83d\udd39 Coordinadora Medico Ocupacional de Corporaci\u00f3n Valmetravels C.A.<br \/>\n\ud83d\udd39 Residencia de Medicina Interna.<\/h4>\n<p>&nbsp;<\/p>\n<h4>\ud83d\udcc5\u00a0<strong data-start=\"707\" data-end=\"726\">Agenda tu cita:<\/strong><br data-start=\"726\" data-end=\"729\" \/>\ud83d\udcf2\u00a0<strong data-start=\"732\" data-end=\"749\">WhatsApp USA:<\/strong>\u00a0+1 (720) 260.2416<br data-start=\"767\" data-end=\"770\" \/>\ud83d\udde3\ufe0f\u00a0Espa\u00f1ol | English |<\/h4>\n<h4>\ud83d\udcb5\u00a0Primera cita de control 60 minutos:\u00a0<strong data-start=\"833\" data-end=\"843\">60 USD (Aplican excepciones o descuentos para pa\u00edses de Latinoamerica)\u00a0<\/strong><br data-start=\"802\" data-end=\"805\" \/>\ud83d\udcb5 Segunda cita de control 45 minutos: <strong data-start=\"833\" data-end=\"843\">50 USD<\/strong><\/h4>\n<h4 data-start=\"274\" data-end=\"419\">\ud83d\udcbc\u00a0<strong data-start=\"277\" data-end=\"305\">Formas de Pago:<\/strong><br data-start=\"305\" data-end=\"308\" \/>\ud83d\udd39\u00a0Zelle, PayPal, Binance, Criptomoneda (a nivel mundial)<br data-start=\"372\" data-end=\"375\" \/>\ud83d\udd39\u00a0Bol\u00edvares (Venezuela)<\/h4>\n<h4 data-start=\"274\" data-end=\"419\">\ud83d\udd39\u00a0Pesos (BanColombia)<\/h4>","protected":false},"excerpt":{"rendered":"<p>Dra. Mayrlem Aponte \ud83c\udf31 M\u00e9dico Integrativo, Salud Ocupacional y Ecografista Integral &nbsp; \ud83d\udca1\u00a0\u00c1reas de Trabajo: \ud83e\udec0 Abordaje hol\u00edstico en enfermedades de inflamaci\u00f3n cr\u00f3nica de bajo grado tales como obesidad, hiperglucemia, diabetes mellitus, dislipidemia, hipertensi\u00f3n arterial, intestino permeable, fatiga cr\u00f3nica y disbiosis. \ud83e\udd57\u00a0Nutrici\u00f3n consciente y promoci\u00f3n de un estilo de vida saludable \ud83e\udde0\u00a0Bienestar integral y desarrollo &hellip;<\/p>\n<p class=\"read-more\"> <a class=\"\" href=\"https:\/\/nacasalud.com\/en\/product\/consulta-medica-dra-mayrlem-aponte\/\"> <span class=\"screen-reader-text\">Consulta medica \/ Medicina Integrativa y Holistica \/ Dra Mayrlem Aponte<\/span> Read More &raquo;<\/a><\/p>","protected":false},"featured_media":3026,"template":"","meta":{"_acf_changed":false,"site-sidebar-layout":"default","site-content-layout":"","ast-site-content-layout":"default","site-content-style":"default","site-sidebar-style":"default","ast-global-header-display":"","ast-banner-title-visibility":"","ast-main-header-display":"","ast-hfb-above-header-display":"","ast-hfb-below-header-display":"","ast-hfb-mobile-header-display":"","site-post-title":"","ast-breadcrumbs-content":"","ast-featured-img":"","footer-sml-layout":"","theme-transparent-header-meta":"default","adv-header-id-meta":"","stick-header-meta":"","header-above-stick-meta":"","header-main-stick-meta":"","header-below-stick-meta":"","astra-migrate-meta-layouts":"set","ast-page-background-enabled":"default","ast-page-background-meta":{"desktop":{"background-color":"","background-image":"","background-repeat":"repeat","background-position":"center center","background-size":"auto","background-attachment":"scroll","background-type":"","background-media":"","overlay-type":"","overlay-color":"","overlay-gradient":""},"tablet":{"background-color":"","background-image":"","background-repeat":"repeat","background-position":"center center","background-size":"auto","background-attachment":"scroll","background-type":"","background-media":"","overlay-type":"","overlay-color":"","overlay-gradient":""},"mobile":{"background-color":"","background-image":"","background-repeat":"repeat","background-position":"center center","background-size":"auto","background-attachment":"scroll","background-type":"","background-media":"","overlay-type":"","overlay-color":"","overlay-gradient":""}},"ast-content-background-meta":{"desktop":{"background-color":"var(--ast-global-color-5)","background-image":"","background-repeat":"repeat","background-position":"center center","background-size":"auto","background-attachment":"scroll","background-type":"","background-media":"","overlay-type":"","overlay-color":"","overlay-gradient":""},"tablet":{"background-color":"var(--ast-global-color-5)","background-image":"","background-repeat":"repeat","background-position":"center center","background-size":"auto","background-attachment":"scroll","background-type":"","background-media":"","overlay-type":"","overlay-color":"","overlay-gradient":""},"mobile":{"background-color":"var(--ast-global-color-5)","background-image":"","background-repeat":"repeat","background-position":"center center","background-size":"auto","background-attachment":"scroll","background-type":"","background-media":"","overlay-type":"","overlay-color":"","overlay-gradient":""}}},"product_brand":[],"product_cat":[58],"product_tag":[],"offers":[],"class_list":{"0":"post-3025","1":"product","2":"type-product","3":"status-publish","4":"has-post-thumbnail","6":"product_cat-consultas-profesionales-salud-a-nivel-mundial","7":"desktop-align-left","8":"tablet-align-left","9":"mobile-align-left","11":"first","12":"instock","13":"taxable","14":"shipping-taxable","15":"purchasable","16":"product-type-simple"},"acf":[],"jetpack_sharing_enabled":true,"_links":{"self":[{"href":"https:\/\/nacasalud.com\/en\/wp-json\/wp\/v2\/product\/3025","targetHints":{"allow":["GET"]}}],"collection":[{"href":"https:\/\/nacasalud.com\/en\/wp-json\/wp\/v2\/product"}],"about":[{"href":"https:\/\/nacasalud.com\/en\/wp-json\/wp\/v2\/types\/product"}],"wp:featuredmedia":[{"embeddable":true,"href":"https:\/\/nacasalud.com\/en\/wp-json\/wp\/v2\/media\/3026"}],"wp:attachment":[{"href":"https:\/\/nacasalud.com\/en\/wp-json\/wp\/v2\/media?parent=3025"}],"wp:term":[{"taxonomy":"product_brand","embeddable":true,"href":"https:\/\/nacasalud.com\/en\/wp-json\/wp\/v2\/product_brand?post=3025"},{"taxonomy":"product_cat","embeddable":true,"href":"https:\/\/nacasalud.com\/en\/wp-json\/wp\/v2\/product_cat?post=3025"},{"taxonomy":"product_tag","embeddable":true,"href":"https:\/\/nacasalud.com\/en\/wp-json\/wp\/v2\/product_tag?post=3025"},{"taxonomy":"offers","embeddable":true,"href":"https:\/\/nacasalud.com\/en\/wp-json\/wp\/v2\/offers?post=3025"}],"curies":[{"name":"wp","href":"https:\/\/api.w.org\/{rel}","templated":true}]}}